{"id":812,"date":"2017-06-05T14:36:47","date_gmt":"2017-06-05T12:36:47","guid":{"rendered":"http:\/\/sowas-ev.de\/?page_id=812"},"modified":"2021-01-22T13:37:34","modified_gmt":"2021-01-22T11:37:34","slug":"home","status":"publish","type":"page","link":"https:\/\/sowas-ev.de\/?page_id=812","title":{"rendered":"HOME"},"content":{"rendered":"<address><span style=\"font-family: Candara,sans-serif;\"><span style=\"font-size: large;\"><span style=\"text-decoration: underline;\"><b>Spendenkonto<\/b><\/span><\/span><\/span><\/address>\n<address><span style=\"font-family: Candara,sans-serif;\"><span style=\"font-size: large;\"><b>Bank: Hamburger Volksbank eG<\/b><\/span><\/span><\/address>\n<address><span style=\"font-family: Candara,sans-serif;\"><span style=\"font-size: large;\"><b>Kontoinhaber: SOWAS e.V.<\/b><\/span><\/span><\/address>\n<address><span style=\"font-family: Candara,sans-serif;\"><span style=\"font-size: large;\"><b>Kontonummer: 236 22 01<\/b><\/span><\/span><\/address>\n<address><span style=\"font-family: Candara,sans-serif;\"><span style=\"font-size: large;\"><b>BLZ: 201 900 03<\/b><\/span><\/span><\/address>\n<address><span style=\"font-family: Candara,sans-serif;\"><b><span style=\"font-size: large;\">Verwendungszweck: Spende<\/span> <\/b><\/span><\/address>\n<p><span style=\"font-family: Candara,sans-serif;\"><span style=\"font-size: large;\">SOWAS e.V.<\/span> unterst\u00fctzt seit Jahren Sch\u00fclerInnen in Ghana und Gambia. In diesen L\u00e4ndern ist der Schulbesuch nicht kostenlos. <span style=\"font-size: medium;\">Aktuell f\u00f6rdern wir fast 20 Sch\u00fclerInnen<\/span>, indem wir die Schulgeb\u00fchren f\u00fcr sie \u00fcbernehmen. Viele Familien sind zu arm, um sich die Schulgeb\u00fchren leisten zu k\u00f6nnen. Hat eine Familie mehrere Kinder, m\u00fcssen die Eltern oft entscheiden, welches Kind zur Schule gehen darf und welches ohne eine Schulbildung und damit ohne echte Chance auf ein selbstbestimmtes Leben bleibt. Es ist f\u00fcr Familien oft so schwierig, finanziell \u00fcber die Runden zu kommen, dass selbst vom Mund absparen nicht m\u00f6glich ist. Hungern ist bereits einkalkuliert.<\/span><\/p>\n<p><span style=\"font-family: Candara,sans-serif;\">Stellen wir uns doch mal kurz vor, wie es w\u00e4re, wenn es in Deutschland eine \u00e4hnliche Situation g\u00e4be. Schulbildung ab der 1. Klasse nur mit Schulgeb\u00fchren, die privat von der Familie aufgebracht werden m\u00fcssten. <span style=\"font-size: medium;\"><b>Was f\u00fcr eine Katastrophe w\u00e4re das!<\/b><\/span> Das Problem des Analphabetismus w\u00fcrde steigen, es w\u00e4re normal, dass die Menschen nicht richtig schreiben und rechnen k\u00f6nnten. Wie w\u00fcrde der Arbeitsmarkt aussehen, wenn es viel zu wenig qualifizierte Arbeitnehmer g\u00e4be? Sicher ist, es w\u00fcrde uns wirtschaftlich niemals so gut gehen. Zu viele Menschen w\u00fcrden am Rande oder sogar unter der Armutsgrenze leben m\u00fcssen. Und diese Armutsgrenze w\u00fcrde bei weitem nicht so hoch liegen, wie es bei uns in Deutschland normal ist. Viele von uns w\u00fcrden auch als sogenannte Wirtschaftsfl\u00fcchtlinge ihr Gl\u00fcck in anderen L\u00e4ndern suchen und emigrieren. Obdachlosigkeit w\u00e4re nicht die Ausnahme, sondern die Regel, weil wohnen schlicht f\u00fcr viel zu viele Menschen unbezahlbar w\u00e4re. Viele weitere wichtige Aspekte des Lebens, wie wir es hier in Deutschland gew\u00f6hnt sind (z.B. Rente, Arbeitslosengeld, Krankenversicherung, gute Infrastruktur, kulturelle Teilhabe und und und), w\u00fcrden komplett wegfallen.<\/span><\/p>\n<p><span style=\"font-family: Candara,sans-serif;\">Diese Vorstellung finden wir furchtbar. Mit unserer ehrenamtlichen Vereinsarbeit wollen wir Kinder und Jugendliche f\u00f6rdern, indem wir daf\u00fcr sorgen, dass sie zur Schule gehen d\u00fcrfen. <span style=\"font-size: medium;\"><b>Indem wir die Schulgeb\u00fchren f\u00fcr Kinder \u00fcbernehmen, deren Eltern einfach zu arm sind, um diese zu zahlen.<\/b><\/span> <span style=\"font-size: medium;\"><b>Wir geben damit jedem einzelnen gef\u00f6rderten Kind die Chance auf ein selbstbestimmtes Leben \u00fcber der Armutsgrenze.<\/b><\/span> <\/span><\/p>\n<p><span style=\"font-family: Candara,sans-serif;\"><span style=\"font-size: medium;\"><span style=\"text-decoration: underline;\">Wir finanzieren uns ausschlie\u00dflich \u00fcber Spenden.<\/span><\/span><br \/>\n<\/span><\/p>\n<p><span style=\"font-family: Candara,sans-serif;\"><span style=\"font-size: large;\">Bitte helfen Sie uns dabei mit Ihrer Spende! <\/span><\/span><\/p>\n<address><span style=\"font-family: Candara,sans-serif;\"><span style=\"font-size: large;\"><span style=\"text-decoration: underline;\"><b>Spendenkonto<\/b><\/span><\/span><\/span><\/address>\n<address><span style=\"font-family: Candara,sans-serif;\"><span style=\"font-size: large;\"><b>Bank: Hamburger Volksbank eG<\/b><\/span><\/span><\/address>\n<address><span style=\"font-family: Candara,sans-serif;\"><span style=\"font-size: large;\"><b>Kontoinhaber: SOWAS e.V.<\/b><\/span><\/span><\/address>\n<address><span style=\"font-family: Candara,sans-serif;\"><span style=\"font-size: large;\"><b>Kontonummer: 236 22 01<\/b><\/span><\/span><\/address>\n<address><span style=\"font-family: Candara,sans-serif;\"><span style=\"font-size: large;\"><b>BLZ: 201 900 03<\/b><\/span><\/span><\/address>\n<address><span style=\"font-family: Candara,sans-serif;\"><span style=\"font-size: large;\"><b>Verwendungszweck: Spende <\/b><\/span><\/span><\/address>\n<p><span style=\"font-family: Candara,sans-serif;\">Die Verteilung des Geldes an die Schulen unserer gef\u00f6rderten Sch\u00fcler*innen \u00fcbernehmen unsere Teammitglieder vor Ort. Es sind Menschen, die dem Verein pers\u00f6nlich bekannt sind und wir stehen im stetigen engen Kontakt zueinander. Diese arbeiten ehrenamtlich f\u00fcr uns.<\/span><\/p>\n<div class=\"pdf24Plugin-cp\"> \t<form name=\"pdf24Form0\" method=\"post\" action=\"https:\/\/doc2pdf.pdf24.org\/wordpress.php\" target=\"pdf24PopWin\" onsubmit=\"var pdf24Win = window.open('about:blank', 'pdf24PopWin', 'resizable=yes,scrollbars=yes,width=600,height=250,left='+(screen.width\/2-300)+',top='+(screen.height\/3-125)+''); pdf24Win.focus(); if(typeof pdf24OnCreatePDF === 'function'){void(pdf24OnCreatePDF(this,pdf24Win));}\"> \t\t<input type=\"hidden\" name=\"blogCharset\" value=\"Cw1x07UAAA==\" \/><input type=\"hidden\" name=\"blogPosts\" value=\"MwQA\" \/><input type=\"hidden\" name=\"blogUrl\" value=\"yygpKSi20tcvzi9PLNZNLdNLSQUA\" \/><input type=\"hidden\" name=\"blogName\" value=\"C9bz1wvXc9QL1lNI1QvTAwA=\" \/><input type=\"hidden\" name=\"blogValueEncoding\" value=\"gzdeflate base64\" \/><input type=\"hidden\" name=\"postId_0\" value=\"szA0AgA=\" \/><input type=\"hidden\" name=\"postTitle_0\" value=\"8\/D3dQUA\" \/><input type=\"hidden\" name=\"postLink_0\" value=\"yygpKSi20tcvzi9PLNZNLdNLSdW3L0hMT43PTLG1MDQCAA==\" \/><input type=\"hidden\" name=\"postAuthor_0\" value=\"8yzLzwMA\" \/><input type=\"hidden\" name=\"postDateTime_0\" value=\"MzIwNNc1MNM1MFUwNLEyMLMyMQcA\" \/><input type=\"hidden\" name=\"postContent_0\" value=\"7VfBbtw2EL33KyY5tcVGcRwgQF3XhZ2kruMEKeLWAXKjrJHELkVtScrb7M\/04m\/waW\/6sb4hJXvXSWojqRugyMH2rkyRb+a9eTPcVkXh2PudbT9Tlnx4a\/iHu2Vrw71SNdq83aLHyhbKqYlX1t\/z7HT5\/d33LPd6wVtklKv46v8D\/xnuFXzSOhV0a7eoswU7o21cme8czRgP7BTbtNv3853t+\/L2O39GqF9t3xbofGdP2ekW\/ayavMMzR8etmfocD4n33wftv8B0KHnRtlY5uy06evl694g4O84+Kx7bNY3A2Xz4iDY3aePB50Kz9\/wNUGw8oO82Nmjj4e3AyK9FcsxuDhV3tvKLOZ9AREnVAwhaw3UJaPZvZ2RVHunkzgZ2PvTLsAjkWQd6pmrHlo5O6n5p2B1Yi2\/a0n6trJLipH0UgFYZHVgqNHv8+3l\/JkWLdT4QPsjbncnZdyc1WX1SB5q2PrA1rc\/oQygbLnTXAObuNHRsDJX9uYvbzrWjUmHvzY11YEMYEwAsuInrACkdX3HeL2MsZb905PG8X6JKLNcN24yONRumnySfGos8tqBFR8o1E+oafAf292xmWEsksnTanwuIDJYQiOFY424IBWsd06HgchNq+qWXRMl+T02QmNoS79jgT2rW8LcJzdngs4\/vYPchiUwV1\/KmcmXM\/risrXFePDQlWxvRV1xSAEUYFiD3TI\/B3QmT6kp5Azyb3AfQE3TTBOz1nHMckSO0PGT01EceY9Yu0iNwfUuAO9dQWzWhUltlF1qIinmNwb0S907JaeEBCKtQ3g8n0mnb0AtBqHLwJtlM4mj688pIvnEusok4RjFhX4jSC+ypMtMOWFzILmpl9jFVchSAmZOqOuupaHFyowxNO7cARvCFGAl5mfdnjoUZa+UrUveEO6HMYN+U\/P6stgIdNOjQxRZGVX+Wc7bOi8pjYTzI6NAgI0wWDAtN6\/KaxCzOnD5Vki4bXxpVBf6w0ClJ2ZydJDoKK4gGr60q+NRr5ROtEfqhCqgp184APkYqXN1Z8SJ6gvW\/uBbCaADE065VZiatJmjfdJKfJVDgUNaVYB9TRrZ1SOhAvkT0gq0ofSTcyW9diZzAr4hPVOGgVnGbWFcxqNeax0MkEbsuFzU0yk0DsoE01qlyEj+nEKNID9+x9x+dMrrUC1EMD6\/G2neJoB\/BGCA50dkAPR4kkoA0hGZVhihLqxnheCmAqgupIjN608UTV4JLO1hSDb2CQphaQe3bSrnktEMUDURUge0Fw07ykUbZ8zcpXzHV9VUDNISA4HQAHSmPAFSLeqGOSMCgW1knYVwRbGIlFVlyP1FYjHcELoadIsV+SlgAB2MufGn6JY7FcFYx6drRvjyYyjkSrlttBeL9A6\/c6Mpp+XdGL\/MC+kUf0NVU2s2glxiNCGW381aBpAkgpI2irSA8I0RrQ\/M2ikSCim9FQY\/UXyGkszkvVG1yEBBPGgOPWcTB8yREnOtnPA0cZR7t0KdsikngUa1FKOvprHjen9c2pNbx9SLbywAUKZuMQkWYjFSZYkKHDnMi21N026g6eMJExMRoo6WTOuzQ9WA98Dj8FYeiXxGuVFtM4vDzzeSCLDjszHAQL6hKJZb2icb4JArvuMVAgPPFtUod7Tz2384hVUhkRi\/AG1SD\/CE34lqqiXWClcfi19arGD+oujDa1AljFM86aKtIpjm2+LUOrlLDbl112UBAxbs9EcvKm3rfwbUTwgBxZUiYUBL10LIRWQnxDlNCpD2OCqlg8VSkFlm4tNAb2TJAVdEHUuf+nQUqTluwEalXPKRJ5o44HkgIN2vqQ2u+YjvrED9JNNcHeOPbnuRhnCocJ2cSl5dK5\/6vaMUpnuFSmF0Z5nNH9xHDrcQzztB7OqBoazalTMk69YtCieUKdwcy+A347tDVy8bsFm87Xy7VXy7V\/59L9fUwPnSppn8G9DFdUdoaZtzYEmVA2EdLxx9lL3tJsqvYEtfseryufqvjRXqluQzr0eVVA+fABYjFpnH\/oJcuXcPiYDEOM+lqIJ0hNVmaYZbApBxtMeepTGvpjXhNhJeijUub1I18kikHLczKb9GTwgi96FjsFsdmlJp\/atyycKWvp\/YIuGvzxd8=\" \/> \t\t<a href=\"https:\/\/www.pdf24.org\" target=\"_blank\" title=\"www.pdf24.org\" rel=\"nofollow\"><img src=\"https:\/\/sowas-ev.de\/wp-content\/plugins\/pdf24-post-to-pdf\/img\/pdf_32x32.png\" alt=\"\" border=\"0\" height=\"32\" \/><\/a> \t\t<span class=\"pdf24Plugin-cp-space\">&nbsp;&nbsp;<\/span> \t\t<span class=\"pdf24Plugin-cp-text\">Send article as PDF<\/span> \t\t<span class=\"pdf24Plugin-cp-space\">&nbsp;&nbsp;<\/span> \t\t<input class=\"pdf24Plugin-cp-input\" style=\"margin: 0px;\" type=\"text\" name=\"sendEmailTo\" placeholder=\"Enter email address\" \/> \t\t<input class=\"pdf24Plugin-cp-submit\" style=\"margin: 0px;\" type=\"submit\" value=\"Send\" \/> \t<\/form> <\/div>","protected":false},"excerpt":{"rendered":"<p>Spendenkonto Bank: Hamburger Volksbank eG Kontoinhaber: SOWAS e.V. Kontonummer: 236 22 01 BLZ: 201 900 03 Verwendungszweck: Spende SOWAS e.V. unterst\u00fctzt seit Jahren Sch\u00fclerInnen in Ghana und Gambia. In diesen L\u00e4ndern ist der Schulbesuch nicht kostenlos. Aktuell f\u00f6rdern wir fast &hellip; <a href=\"https:\/\/sowas-ev.de\/?page_id=812\">Continue reading <span class=\"meta-nav\">&rarr;<\/span><\/a><\/p>\n","protected":false},"author":596,"featured_media":0,"parent":0,"menu_order":0,"comment_status":"closed","ping_status":"closed","template":"","meta":[],"_links":{"self":[{"href":"https:\/\/sowas-ev.de\/index.php?rest_route=\/wp\/v2\/pages\/812"}],"collection":[{"href":"https:\/\/sowas-ev.de\/index.php?rest_route=\/wp\/v2\/pages"}],"about":[{"href":"https:\/\/sowas-ev.de\/index.php?rest_route=\/wp\/v2\/types\/page"}],"author":[{"embeddable":true,"href":"https:\/\/sowas-ev.de\/index.php?rest_route=\/wp\/v2\/users\/596"}],"replies":[{"embeddable":true,"href":"https:\/\/sowas-ev.de\/index.php?rest_route=%2Fwp%2Fv2%2Fcomments&post=812"}],"version-history":[{"count":3,"href":"https:\/\/sowas-ev.de\/index.php?rest_route=\/wp\/v2\/pages\/812\/revisions"}],"predecessor-version":[{"id":937,"href":"https:\/\/sowas-ev.de\/index.php?rest_route=\/wp\/v2\/pages\/812\/revisions\/937"}],"wp:attachment":[{"href":"https:\/\/sowas-ev.de\/index.php?rest_route=%2Fwp%2Fv2%2Fmedia&parent=812"}],"curies":[{"name":"wp","href":"https:\/\/api.w.org\/{rel}","templated":true}]}}