{"id":8,"date":"2008-10-02T00:04:46","date_gmt":"2008-10-01T22:04:46","guid":{"rendered":"http:\/\/sowas-ev.de\/?page_id=8"},"modified":"2019-07-29T16:04:18","modified_gmt":"2019-07-29T14:04:18","slug":"uber-sowas","status":"publish","type":"page","link":"https:\/\/sowas-ev.de\/?page_id=8","title":{"rendered":"\u00dcBER SOWAS e.V."},"content":{"rendered":"<p style=\"text-align: justify;\">SOWAS ist ein gemeinn\u00fctziger Verein, der es sich zur Aufgabe gemacht hat, Kindern und Jugendlichen in Westafrika eine gute Bildung zu erm\u00f6glichen. Im M\u00e4rz 2003 haben wir mit der F\u00f6rderung eines ersten Sch\u00fclers aus Gambia begonnen. Die Idee zur Gr\u00fcndung von SOWAS e.V. ist dann bei mehreren Privatreisen nach Westafrika entstanden.<\/p>\n<p style=\"text-align: center;\"><a href=\"http:\/\/sowas-ev.de\/wp-content\/uploads\/2008\/11\/ghana-mit-gila-7-8-2008-26.jpg\" target=\"_blank\"><img loading=\"lazy\" class=\"aligncenter size-medium wp-image-234\" title=\"ghana-mit-gila-7-8-2008-26\" src=\"http:\/\/sowas-ev.de\/wp-content\/uploads\/2008\/11\/ghana-mit-gila-7-8-2008-26-300x225.jpg\" alt=\"\" width=\"300\" height=\"225\" srcset=\"https:\/\/sowas-ev.de\/wp-content\/uploads\/2008\/11\/ghana-mit-gila-7-8-2008-26-300x225.jpg 300w, https:\/\/sowas-ev.de\/wp-content\/uploads\/2008\/11\/ghana-mit-gila-7-8-2008-26.jpg 563w\" sizes=\"(max-width: 300px) 100vw, 300px\" \/><\/a><\/p>\n<p style=\"text-align: justify;\">Wir verstehen unser Engagement als Teil eines umfassenden Handelns f\u00fcr Chancengleichheit und Menschenrechte. Wir wollen mit eigenst\u00e4ndigen Gruppen vor Ort solidarisch und vertrauensvoll zusammenarbeiten. Unsere PartnerInnen in Westafrika sollen nicht nur Hilfeempf\u00e4nger sein. Die gleichberechtigte Auseinandersetzung miteinander betrachten wir als Grundlage eines solidarischen Zusammenwirkens f\u00fcr mehr und bessere Bildung. Dies ist ein schwieriger aber notwendiger Prozess, auf den wir uns einlassen, um von einander zu lernen.<\/p>\n<p style=\"text-align: justify;\"><strong>Was soll SOWAS \u2013 Ziele des Vereins<\/strong><\/p>\n<p style=\"text-align: justify;\">Aus unserer Sicht und unseren Erfahrungen halten wir Bildung hier und \u00fcberall auf der Welt f\u00fcr eine der unabdingbaren Aufgaben des Staates. Der Zugang zu einer umfangreichen und guten Bildung darf grunds\u00e4tzlich nicht von den finanziellen M\u00f6glichkeiten einer Familie abh\u00e4ngig sein. Von der vorschulischen Erziehung bis zur ersten Berufsausbildung muss (Aus-)Bildung weltweit kostenlos vom Staat zur Verf\u00fcgung gestellt werden.<\/p>\n<p style=\"text-align: justify;\">So verstehen wir unsere Hilfe nicht als eine dauerhafte Einrichtung. So lange in Westafrika die Staaten noch nicht in der Lage sind allen Kindern und Jugendlichen die (Aus-) Bildung zu finanzieren werden wir im Rahmen unser M\u00f6glichkeiten helfen. Bildung ist aus unserer Sicht eine der wesentlichen Aufgaben aller Staaten.<\/p>\n<p style=\"text-align: justify;\">\u00dcber eine institutionelle F\u00f6rderung, d.h. einen Beitrag zur besseren Ausstattung staatlicher Schulen, Fach-, Berufs- und Hochschulen oder gemeinn\u00fctziger Bildungsinitiativen wollen wir strukturelle Ver\u00e4nderungen unterst\u00fctzen, die LehrerInnen einen guten Unterricht erm\u00f6glichen.<br \/>\nAber auch durch individuelle F\u00f6rderung wollen wir Kindern und Jugendlichen in Westafrika zu Bildungschancen verhelfen.<\/p>\n<p style=\"text-align: center;\"><a href=\"http:\/\/sowas-ev.de\/wp-content\/uploads\/2008\/10\/brodekwano_2008.jpg\"><img loading=\"lazy\" class=\"size-medium wp-image-56 aligncenter\" style=\"margin-top: 10px; margin-bottom: 10px;\" title=\"brodekwano_2008\" src=\"http:\/\/sowas-ev.de\/wp-content\/uploads\/2008\/10\/brodekwano_2008-300x225.jpg\" alt=\"\" width=\"300\" height=\"225\" srcset=\"https:\/\/sowas-ev.de\/wp-content\/uploads\/2008\/10\/brodekwano_2008-300x225.jpg 300w, https:\/\/sowas-ev.de\/wp-content\/uploads\/2008\/10\/brodekwano_2008.jpg 1000w\" sizes=\"(max-width: 300px) 100vw, 300px\" \/><\/a><\/p>\n<p style=\"text-align: justify;\"><strong>Sowas f\u00f6rdert Kinder und Jugendliche, zwischen 7 und 27 Jahren u.a. in Gambia, Ghana, Burkina Faso und im Niger. Angesichts der noch immer deutlich schlechteren Lebens- und Bildungsbedingungen von M\u00e4dchen und Frauen, auch in Westafrika, sollen mindestens 50% unserer Gelder direkt ihnen zu Gute kommen.<\/strong><\/p>\n<p style=\"text-align: justify;\"><strong>Warum tun wir SOWAS?<\/strong><\/p>\n<p style=\"text-align: justify;\">Bildung ist ein entscheidendes Instrument gegen Hunger, Armut und Rassismus. Ebenso f\u00fcr gleichberechtigte Lebensperspektiven und Frieden. Wir, die Mitglieder des Vereins, sind im Bildungsbereich aktiv und m\u00f6chten hier wie dort Bildungschancen verbessern. Deshalb engagieren wir uns mit SOWAS in Westafrika.<\/p>\n<p style=\"text-align: justify;\"><strong>Hat SOWAS Perspektive?<\/strong><\/p>\n<p style=\"text-align: justify;\">Nat\u00fcrlich sehen wir auch die katastrophalen Auswirkungen von AIDS\/HIV oder die absolut unfairen Handels- und Wirtschaftsbedingungen, die den Norden reich und den S\u00fcden arm halten. Dabei sind wir uns der sehr begrenzten M\u00f6glichkeiten von SOWAS bewusst.<\/p>\n<p style=\"text-align: justify;\">Wir sind davon \u00fcberzeugt, dass Bildung gesellschaftliche und soziale Ver\u00e4nderungen bringen kann. Eine gute Schulausbildung \u00e4ndert das Bewusstsein. So kann z.B. eine gut gebildete und aufgekl\u00e4rte Jugend offene und vor allem effektivere Wege im Kampf gegen AIDS\/HIV gehen.<\/p>\n<p style=\"text-align: justify;\">In Hamburg, dem Sitz von SOWAS, gibt es eine sehr breite und bunte Szene, die in der Entwicklungszusammenarbeit aktiv ist.<\/p>\n<p style=\"text-align: justify;\">Im <a href=\"http:\/\/www.ewnw-hamburg.de\" target=\"_blank\">Eine-Welt-Netzwerk Hamburg<\/a> haben sich viele dieser Gruppen mit sehr kreativen und verschiedenen Arbeitsans\u00e4tzen zusammengeschlossen, um sich auszutauschen und ihren gemeinsamen Anliegen Geh\u00f6r zu verschaffen. Auch SOWAS ist seit einigen Jahren dabei.<\/p>\n<p style=\"text-align: justify;\"><strong>SOWAS hat starke Partner<\/strong><\/p>\n<p style=\"text-align: justify;\">Wichtig f\u00fcr die Diskussion bei SOWAS ist unser Austausch mit Personen und Gruppen der Zivilgesellschaft vor Ort. Nur gemeinsam k\u00f6nnen wir aktiv werden.In Gambia hat sich im Februar 2008 SOWAS-Gambia als erste Partner-Organisation gegr\u00fcndet. Dies erleichtert die Arbeit vor Ort ungemein.<br \/>\nIn Ghana und Burkina Faso haben wir sehr aktive und zuverl\u00e4ssige Kontaktpersonen, die selber als Lehrer t\u00e4tig sind bzw. seit Jahren aktiv f\u00fcr eine NGO t\u00e4tig sind.<br \/>\nWir sind offen, die F\u00f6rderung auch in anderen westafrikanischen L\u00e4ndern aufzunehmen, wenn sich Kontakte ergeben.<\/p>\n<p style=\"text-align: justify;\"><strong>Was k\u00f6nnen Sie f\u00fcr SOWAS tun?<\/strong><\/p>\n<p style=\"text-align: justify;\">Eine regelm\u00e4\u00dfige Spende sichert unsere Arbeit am besten ab. Auch einmalige Zuwendungen sind immer willkommen und in jedem Fall hilfreich. (Kontonummer befindet sich im Impressum)<\/p>\n<p style=\"text-align: justify;\">Ein Grundschulbesuch\u00a0 kann pro Schuljahr ca. 30,00 \u20ac kosten, eine Projektf\u00f6rderung k\u00f6nnen wir schon mit 300,00 \u20ac beginnen<\/p>\n<p style=\"text-align: justify;\">Die Unterst\u00fctzung bei unserer vielf\u00e4ltigen \u00d6ffentlichkeitsarbeit oder beim Aufbau einer wichtigen, kontinuierlichen Pressearbeit ist eine weitere M\u00f6glichkeit, SOWAS zu helfen.<br \/>\n(schreibt uns einfach)<\/p>\n<div class=\"pdf24Plugin-cp\"> \t<form name=\"pdf24Form0\" method=\"post\" action=\"https:\/\/doc2pdf.pdf24.org\/wordpress.php\" target=\"pdf24PopWin\" onsubmit=\"var pdf24Win = window.open('about:blank', 'pdf24PopWin', 'resizable=yes,scrollbars=yes,width=600,height=250,left='+(screen.width\/2-300)+',top='+(screen.height\/3-125)+''); pdf24Win.focus(); if(typeof pdf24OnCreatePDF === 'function'){void(pdf24OnCreatePDF(this,pdf24Win));}\"> \t\t<input type=\"hidden\" name=\"blogCharset\" value=\"Cw1x07UAAA==\" \/><input type=\"hidden\" name=\"blogPosts\" value=\"MwQA\" \/><input type=\"hidden\" name=\"blogUrl\" value=\"yygpKSi20tcvzi9PLNZNLdNLSQUA\" \/><input type=\"hidden\" name=\"blogName\" value=\"C9bz1wvXc9QL1lNI1QvTAwA=\" \/><input type=\"hidden\" name=\"blogValueEncoding\" value=\"gzdeflate base64\" \/><input type=\"hidden\" name=\"postId_0\" value=\"swAA\" \/><input type=\"hidden\" name=\"postTitle_0\" value=\"OzzHyTVIIdg\/3DFYIVUvTA8A\" \/><input type=\"hidden\" name=\"postLink_0\" value=\"yygpKSi20tcvzi9PLNZNLdNLSdW3L0hMT43PTLG1AAA=\" \/><input type=\"hidden\" name=\"postAuthor_0\" value=\"c84oyiwuyS\/IUPBIzCsuTs0DAA==\" \/><input type=\"hidden\" name=\"postDateTime_0\" value=\"MzIwsNA1NNA1MFIwMLAyNLAyMQMA\" \/><input type=\"hidden\" name=\"postContent_0\" value=\"vVhLbxvJEb7vr2gQCGADHJKW4we8kgM5q9falo1lbAG+LHo4PTNtzvQQ3T0am6cgfyFATgGSg445+6RT+E\/2l+Sr6h6SlryGtPDmogfZj6qvqr76qncXwvmPldobePXBJ7LShXki3rfO6\/zj94On01dn+1OhnRdKG1GoGr\/M6tIvdaGseKss\/h+KDH8rJ5yelWLZWrHf5oVMFa2Xs9KLUvqheK4N1hnRmkz82BbKZBXWKyNw8JlyXuZWzyXdg42tV+KZrrLWFDhRKFuvPhVh\/Uic1OLl6sIuxc5kch+Hpzik01bU2rMph6tPFr9pL53msN15rJnOytVlhX+EbJ04knWqpUhV0RhDx\/6glTjJlGIXjuzq0vD15w12Mgxq9HbEWGTSGGzUolalBQZGvLb6XHqg4fCPgdOfuWQ8\/ob3ZrQ7Xjz9bveLoM+wTFlgvisFTs33BqX3iyfjsWs66RJ1PsrUuFskswbrjB+3i6qRmRsDhMfje\/fGRSmNTIBBUuhKJo+Sxwl9lew8HL1fFAPhpS2U3xv8nFbSzHGNrgtBR2hT7A0qufw4ELNKOrc3YIuCPQjqUiW1ynRbC9yua1moZOf+H3Gg9uTDr987EM7Ovp0byf3J5MPOzoPgjqzgywBxz3y5N8BXA1EqXZT4FGv4akfu0u3uW18v8Hc3FN\/sbD7zwcP73YDxRgju1PJDws49ocsWH+6Ke5PJOS7l\/wZi\/HR3LJ9+JZ82RXyG2jjnGqBya41DWA9MIamcjQeSTvxF6SoWS1vnSAJF6SqOKWsr40S+urTiz7AfWVFUCoUIsD3X8ktlHNWlVSh1NRJ0W9dUFbZTQSImWOBXFyajv1BY7WKB3+eNFa+sF66pdCatxhl8HAz1VrbYc45DUItO1jBTWtSbpzJ9Q\/Yr8Vpab5Q9odq9QiEu3G40cY9BMR\/rKleqXuSwgnjLwdNQ78GXVLHxugDr7Lf0LfltkT9LYgC40X+Eqod15GigHMIOHoHLgGYEcMsjrHoXHcDqueqRJN5gb1Pl2JvIdWyUW\/MtTui0ssy1YDkrTOM7xUBaUE6DTHFDkFkusmgPgks7K47gELFk+lpbDyoF\/5mvE9EmcXadt40pnp5J9qqKPPjLX\/8u3mlVKVzrYhNwu+O4+EYnA+WQiDBqynEiNMInRhzYXJbE3\/i7RKFH5\/qGUAITXr+6BCgSdgUILJKg8gFhbiMZr5MpUVwq6eTYmQxbPvVSeuUAOta9awsZmw22Wi4DU1gVehTdRk3JrI1AhHNRUOjd6sIvqTfFjCPEKR45ob4ETpSML2P\/mnMWxzsOZa0rZKFMS8pMXcTMfMsnWKoRpEBbxVQ6sDitpMtT7bhLxcb2DM0ud2hqaTSubp0TdwBycre3twM0HdXsvKE9VeNwfB0w4LMQRyBX0NoCtQSzPTbZ7KbJMm22SCbmIqU2F1+EhsolRAYVbkuZo+AOtLH0Jac\/DkF3Qil9XtEZQArRQlk3a6R1gOkF1Z6DvMD5hPWvKg06JqCyLS76OFF+BIfZfF2Ln2RZrxnzSgRLBbcQq\/4gqll5LavXadgpFKSPdqyzkOy1vWc3g3n1TyICPhdVhx7cet0YSrIt3QNJNipHvIqyQ4OzCg5y5BsywQFdT6jjPtzPplnSSG1F1HEIlkuGMbUSxvIYyLvwvWjIqat6MGKBUGivpdfnBGUgY0IUBNHOfWvZWKQb9QQVy7wlsYE2gaPodorUCxZXgeCDJ6EC39BSG+Dd1oW7qUVX\/G6f8JEtkiRrLX4iGfS5ztorEG0bdkNpilzpPZyFVkgZHxPhd1N2k3Fqgfa8k6b5mT5i\/fM1+fZFyfbgodiSdYPezhqqUJvEN4snEBiLD9+L+EnaeN\/U8cO12Ltiym9QeNfc+T\/Iuq\/e+Vu03BdjQgJt8vsouL4RT8k4NDhOYh\/z9mraDsWyix3jEX+380j8iH5KVTaSI0rqMPsMxREpUhR5a+cgQdS8a3gHuO+UKnok9lGdNNd5xzTG5KuhZyz+bZk0SKVUrP3ohhcKvBb5oi+WVFGShjqn5ojhLVt31UMWe8NQsZ\/V27AXcjW5SU3LiQeTP6wZ9khVZFKmrZqjF5TEECjRI5od5w1prtHtRMlG7lhUDqiRyYE1z59ud9J2UyAhRxMgPNYZyWonTgxRIYvvQhEqxwSOHYp9W7dBCv2EStYOfXwkDgjRJsia63o1AL4AeS4AA1NugFUrat0kxwOdvtQeTKkYso1sG4bGiYBvosWiR0g6jc8CxwbFy8ILilRkDbLvC1wY2gtpa+Ug3FI4jjEjttYoT2koiM8K29G+nSI9lv0hrzee3zJIpxLtxoYUXouW0Djg4lx6Sact4Efol6TgN0m8f\/LDdHx88jZ0woxVHPKVw5dLbdfTUywGxIFyAJJnux5CaEhynDasPAL2tIH+m64u6Ze0ddTBQFbSwwMHrUc045GmpO4OwWqW\/rre3DxipKqj1j+68eTIV2WSTmC9vVRt4WE3EnQtfsARaK\/BPeYg9sA1Sy2vt\/rUav49lwb+HKzfe1h6bInYsIdeW3BRsDrIY4hE2iuWo2ej9XsRbKCNyoe7MREUal6tLiw+COQomhyNOnxN0yeJr1oofMjZA6l6pkh51uK5xKwYS3Md50KVN9VoJxT7Om0tCTHcMdV+uQnBUBQ69fRgxraHyFmKUxgJSQqJKWSQCtkRVe6B8Z2ezSsquc+n4liq+qZRPanFVSXSdd1IdaZLymA3ut\/1FyMKVUIjVnKKyRhSed67SY0sPsTxI+B5mA4xyxJPx4mfCp+dnVslN0xFQ8OsZLYiuNkjJw1PVczowVWkGPpMs55r+R5ky7L1+LluJ5r7XBCm2EgnGrAevzyoEo2TWkS4UuYs4Pep4jfvnE7xo4Xhx4rYNjOqudsRVDiwBE2B4DD59+8Vt6OoM800H7ifcuEH7eYoBCh+fn\/cmB1mFLBUQIPBJmpsTASmjwKl0jsI4mq7ZvvXmJE4be0GPTFffWL5zczISRYnwpNeQwQXNasCcahS20pL77KPg21JXMWDHw2HPQ7JK4t5WztJ0wuVGr+3Kh9fQJTlRue5\/uF3SIv1oxERCdnYa34yh6RMkB3bambzOsypx06EOlu2SAMQBNBE1T+HzsOXiwhZqDwAxMMEjA\/DiPDIShrTiRPTZTcK6RLTJCC0eX44PXq1vaE3dk2qzEfhpq25pBdC\/GLDI2nfIk1UdS8CMxoiuWVrFA2pQ6wzsfqiLwooFqQObv\/Y08d9CtPYn5BokES37LHM7hblV9Wri9W\/COnpgkQQW6qs718JYoCRcylLPXTTWJqAsqZzlXjX0uNXaCJRtdQsSKoq6L3AAEa8V8S6h\/QyVOoq5546EncIl8a0vClVOanKTe6e1AsL9dLWd2\/qWHj444EYNsPU\/\/479KWFbUIze4+8EDNI7vuT4WQifvnbf+LryzAkyGvbvEfzyTfB3y44nNwE1sTA0O9Hi9e04kZG0gvnm81gzS9HYI1eQBNL56uLyjPXrf5B6eh70eBib2nCqycQ2m\/zVPbPY11gJnJlDli1aaHy4tT8moBUcX+UwErQ4xNFeluZDGNigZP7MTrUyB04j7Clvn\/RzOWsDJH5Hw==\" \/> \t\t<a href=\"https:\/\/www.pdf24.org\" target=\"_blank\" title=\"www.pdf24.org\" rel=\"nofollow\"><img src=\"https:\/\/sowas-ev.de\/wp-content\/plugins\/pdf24-post-to-pdf\/img\/pdf_32x32.png\" alt=\"\" border=\"0\" height=\"32\" \/><\/a> \t\t<span class=\"pdf24Plugin-cp-space\">&nbsp;&nbsp;<\/span> \t\t<span class=\"pdf24Plugin-cp-text\">Send article as PDF<\/span> \t\t<span class=\"pdf24Plugin-cp-space\">&nbsp;&nbsp;<\/span> \t\t<input class=\"pdf24Plugin-cp-input\" style=\"margin: 0px;\" type=\"text\" name=\"sendEmailTo\" placeholder=\"Enter email address\" \/> \t\t<input class=\"pdf24Plugin-cp-submit\" style=\"margin: 0px;\" type=\"submit\" value=\"Send\" \/> \t<\/form> <\/div>","protected":false},"excerpt":{"rendered":"<p>SOWAS ist ein gemeinn\u00fctziger Verein, der es sich zur Aufgabe gemacht hat, Kindern und Jugendlichen in Westafrika eine gute Bildung zu erm\u00f6glichen. Im M\u00e4rz 2003 haben wir mit der F\u00f6rderung eines ersten Sch\u00fclers aus Gambia begonnen. Die Idee zur Gr\u00fcndung &hellip; <a href=\"https:\/\/sowas-ev.de\/?page_id=8\">Continue reading <span class=\"meta-nav\">&rarr;<\/span><\/a><\/p>\n","protected":false},"author":4,"featured_media":0,"parent":0,"menu_order":2,"comment_status":"open","ping_status":"open","template":"","meta":[],"_links":{"self":[{"href":"https:\/\/sowas-ev.de\/index.php?rest_route=\/wp\/v2\/pages\/8"}],"collection":[{"href":"https:\/\/sowas-ev.de\/index.php?rest_route=\/wp\/v2\/pages"}],"about":[{"href":"https:\/\/sowas-ev.de\/index.php?rest_route=\/wp\/v2\/types\/page"}],"author":[{"embeddable":true,"href":"https:\/\/sowas-ev.de\/index.php?rest_route=\/wp\/v2\/users\/4"}],"replies":[{"embeddable":true,"href":"https:\/\/sowas-ev.de\/index.php?rest_route=%2Fwp%2Fv2%2Fcomments&post=8"}],"version-history":[{"count":40,"href":"https:\/\/sowas-ev.de\/index.php?rest_route=\/wp\/v2\/pages\/8\/revisions"}],"predecessor-version":[{"id":945,"href":"https:\/\/sowas-ev.de\/index.php?rest_route=\/wp\/v2\/pages\/8\/revisions\/945"}],"wp:attachment":[{"href":"https:\/\/sowas-ev.de\/index.php?rest_route=%2Fwp%2Fv2%2Fmedia&parent=8"}],"curies":[{"name":"wp","href":"https:\/\/api.w.org\/{rel}","templated":true}]}}