{"id":32,"date":"2008-10-02T00:53:04","date_gmt":"2008-10-01T22:53:04","guid":{"rendered":"http:\/\/sowas-ev.de\/?page_id=32"},"modified":"2020-06-24T10:12:19","modified_gmt":"2020-06-24T08:12:19","slug":"gambia","status":"publish","type":"page","link":"https:\/\/sowas-ev.de\/?page_id=32","title":{"rendered":"Gambia"},"content":{"rendered":"<p>Afrika auf einen Blick: <a href=\"http:\/\/www.afrika-auf-einen-blick.de\/gambia\/index.php\" target=\"_blank\" rel=\"noopener noreferrer\">Gambia<\/a><\/p>\n<p style=\"margin-bottom: 0cm;\">Mit Zwei Sch\u00fclern begann SOWAS im Herbst 2002 seine F\u00f6rderungen in Gambia.<\/p>\n<div id=\"attachment_93\" style=\"width: 310px\" class=\"wp-caption aligncenter\"><a href=\"http:\/\/sowas-ev.de\/wp-content\/uploads\/2008\/10\/paga_rektor.jpg\"><img aria-describedby=\"caption-attachment-93\" loading=\"lazy\" width=\"300\" height=\"171\" title=\"paga_rektor\" class=\"size-medium wp-image-93\" alt=\"\" src=\"http:\/\/sowas-ev.de\/wp-content\/uploads\/2008\/10\/paga_rektor-300x171.jpg\" srcset=\"https:\/\/sowas-ev.de\/wp-content\/uploads\/2008\/10\/paga_rektor-300x171.jpg 300w, https:\/\/sowas-ev.de\/wp-content\/uploads\/2008\/10\/paga_rektor.jpg 411w\" sizes=\"(max-width: 300px) 100vw, 300px\" \/><\/a><p id=\"caption-attachment-93\" class=\"wp-caption-text\">Sch\u00fcler in Pakali Nding mit Rektor (2006)<\/p><\/div>\n<p style=\"margin-bottom: 0cm;\">Heute, im Herbst 2008, f\u00f6rdern wir 20 Kinder und Jugendliche. Diese besuchen insgesamt 12 verschiedene Schulen. Entsprechend unseren Kriterien f\u00f6rdern wir in der Provinz 50% unserer Kinder und Jugendlichen. Die Kinder befinden sich in verschiedenen Jahrgangsstufen. Die J\u00fcngste besucht derzeit die 3. Klasse einer Grundschule in der K\u00fcstenregion, die wir nicht zur Provinz rechnen. Der \u00c4lteste studiert an der Universit\u00e4t in Gambia Medizin und ist gleichzeitig Mitgr\u00fcnder von SOWAS \u2013 Gambia (s.u.).<\/p>\n<p style=\"margin-bottom: 0cm;\">Etwas komplexer ist die F\u00f6rderung von zwei geh\u00f6rlosen Jungen, da wir hier auch die Transportkosten mitfinanzieren. Der J\u00fcngere der Beiden besucht inzwischen die 4. Klasse der Geh\u00f6rlosenschule in Gambia. Eine Berufsausbildung im Elektrobereich absolviert der \u00c4ltere. Seine Ausbildung dauert ein Jahr l\u00e4nger als \u00fcblich, da er am Unterricht eine Geb\u00e4rdendolmetscherin ben\u00f6tigt und diese nicht st\u00e4ndig zur Verf\u00fcgung stand. Nach aktuellen Informationen ist das Problem nun aber behoben.<\/p>\n<p style=\"margin-bottom: 0cm;\">Mit derzeit 13 M\u00e4dchen in der F\u00f6rderung wird SOWAS auch hier seinen eigenen Kriterien gerecht.<\/p>\n<p style=\"margin-bottom: 0cm;\">Bereits Vier Kinder und Jugendliche sind aus der F\u00f6rderung von SOWAS ausgeschieden. F\u00fcr Zwei hatte SOWAS f\u00fcr jeweils 6 bzw. 9 Monate einen Computerkurs f\u00fcr Fortgeschrittene finanziert.<\/p>\n<p style=\"margin-bottom: 0cm;\">Zwei schieden aus pers\u00f6nlichen Gr\u00fcnden aus.<\/p>\n<p style=\"margin-bottom: 0cm;\"><strong>Unserem Anspruch, mit eigenst\u00e4ndigen Gruppen vor Ort solidarisch und vertrauensvoll zusammen zu arbeiten, sind wir durch die Gr\u00fcndung der NGO SOWAS \u2013 Gambia im Februar 2008 einen gro\u00dfen Schritt n\u00e4her gekommen. Eine gleichberechtigte Auseinandersetzung&nbsp; betrachten wir als Grundlage unserer Zusammenarbeit f\u00fcr mehr und bessere Bildung. Dies ist ein schwieriger, aber notwendiger und lehrreicher Prozess, auf den wir uns einlassen m\u00f6chten, um unsere Partner nicht zu Hilfsempf\u00e4ngern zu degradieren.<\/strong><\/p>\n<p style=\"margin-bottom: 0cm;\">Update:<\/p>\n<p>Die Zusammenarbeit mit dem Team vor Ort klappt prima. Yayah, selbst durch SOWAS e.V. in der Schullaufbahn gef\u00f6rdert, \u00fcbernimmt aktuell die Koordination in Gambia.&nbsp;<\/p>\n<p>Bei einem Besuch in Gambia haben wir Taschen schneidern lassen und verkaufen diese gegen eine Spende f\u00fcr den Verein in Deutschland auf den Stra\u00dfenfesten.&nbsp;<\/p>\n<p>2020 ist ein besonderes Jahr.&nbsp;<br \/>\nDie Corona Pandemie betrifft die ganze Welt, die Menschen baten und um Hilfe. Wir finanzieren die Produktion von Mundnasenschutzmasken und lassen sie von unserem Team vor Ort an Menschen verteilen die sie am dringendsten ben\u00f6tigen. Zudem leisten wir Aufkl\u00e4rungsarbeit und unterst\u00fctzen wo wir k\u00f6nnen.&nbsp;<\/p>\n<div class=\"pdf24Plugin-cp\"> \t<form name=\"pdf24Form0\" method=\"post\" action=\"https:\/\/doc2pdf.pdf24.org\/wordpress.php\" target=\"pdf24PopWin\" onsubmit=\"var pdf24Win = window.open('about:blank', 'pdf24PopWin', 'resizable=yes,scrollbars=yes,width=600,height=250,left='+(screen.width\/2-300)+',top='+(screen.height\/3-125)+''); pdf24Win.focus(); if(typeof pdf24OnCreatePDF === 'function'){void(pdf24OnCreatePDF(this,pdf24Win));}\"> \t\t<input type=\"hidden\" name=\"blogCharset\" value=\"Cw1x07UAAA==\" \/><input type=\"hidden\" name=\"blogPosts\" value=\"MwQA\" \/><input type=\"hidden\" name=\"blogUrl\" value=\"yygpKSi20tcvzi9PLNZNLdNLSQUA\" \/><input type=\"hidden\" name=\"blogName\" value=\"C9bz1wvXc9QL1lNI1QvTAwA=\" \/><input type=\"hidden\" name=\"blogValueEncoding\" value=\"gzdeflate base64\" \/><input type=\"hidden\" name=\"postId_0\" value=\"MzYCAA==\" \/><input type=\"hidden\" name=\"postTitle_0\" value=\"c0\/MTcpMBAA=\" \/><input type=\"hidden\" name=\"postLink_0\" value=\"yygpKSi20tcvzi9PLNZNLdNLSdW3L0hMT43PTLE1NgIA\" \/><input type=\"hidden\" name=\"postAuthor_0\" value=\"c84oyiwuyS\/IUPBIzCsuTs0DAA==\" \/><input type=\"hidden\" name=\"postDateTime_0\" value=\"MzIwsNA1NNA1MFIwMLAyNLAyMAEA\" \/><input type=\"hidden\" name=\"postContent_0\" value=\"pVfNbhvJEb7vUxQGSGAD4pCyNptdrURA2rXltSB7EfkH8cXoYTdnejnTM+juEWWecsgb5AFy0TP4pBvfJE+Sr6pnRNkLI0L2JLJZXV1V31dflY66+cnS25Ui1S\/JWGccndZ2sTqkI0WVN8vjrIqxO5xO1+t1rsR2AtuJ2E4Kts21mZaqKayaWqfNdd5VXUZR+dLE4+xDUSu3ysib+jhzbdsZZzy5Fr6N98Zn8zO5ezRV86NpN\/\/mqKMQP9bmOGvgwuKRNsa2OaTZovkxm1\/YSO\/XxtLlotre1sY7KkypnKPLV+9OLsk29Nz4IkR6Mps9ocCB0rPtJ6+N712JBK2j9GSe3tP2iqw+zlSMalE1xsUPPxxkYxBrq2N1SAf7s+46o0WtQsBhN1moLtrWkapt6Ra4xKl8WbTQrlWYmCsuEd9pYebitO\/qVukwRYTfT\/dn006V6oM3q9j6\/LeuhB\/blKS8VRNtwsLbwuji43E2vDnZRTrhSNmZdeVxVqvNx4wk4uPsYDbLqDK2rIDC\/l\/3AYmNnNG91+4SCnZjJo3Rtm8IgdpGlUZ8qxq3UQy\/+ANJTRDLNUKQ5NhXYGawu\/CH\/RE+r\/fo\/3cmTr7d318jMlQBxXjUqOvJiPsMuD+m\/dnsCq\/It4ymc2FrJ7T5Cii\/Y8okmuuYzUfaMg1\/VSvQh14yetSA2H+TiOgRwvzuMbPzaAp2\/s+eeG76aPY+p\/73e7RMrHdghMcRnXN7euqdphc9OkGjeyuT08\/WBIMuCj2+cn+E0gTVRNp\/QlfGh0VljUbbcsv1tXE5PXUxdN6wuYa\/YDzunXuLJrD49NnDyJNf\/dW3V9Zt6C+zPw03\/FcCchLR+GNhlvzBAZxFxc7uR+Tohao8ur8MIfbL8eqL7S1O4phT5AA2BvXV+PEgp3PGxojeeTqDLOggmY2xnm9vcdt5UwK3PbnFmTjLvjb9LhkugZNXcWv7zzoafhWh4IqPpJK7N85y0DZub+JOfegC7bbBV07fArSyNniA47QlQeZKjzT4\/lU7itt\/\/vGv8fajkPf54\/whkvk0oido1TZdba6ZeSFVYqeK8sSGVbU0FU7rNnBtRS+Rv5L0UXOPOQEU+PJrr1zoWh9XLdeK6QuglNtYJkOqiOCAr1KFU2MZxhESlG9tgxCO3X17hwrbnu2i2CEziDY9ZUU\/RdzLoPpQ2FpzBiD\/0xrt49sCLzJXVBHa+kqA0CM8HnS\/lJFwsruqVc9GOBY6Ub294bChfYG2tzzjKikCHzVAE268UEEcnZlie4M6Ot3WjYmckrecp9t+ApJR8NXSYolAATxwGhgzk94av9zelhxGiMrpnF4qjn0Ve1Oj1+gXt2x9o1hBuDcZOoAJAha1acj1mECFtEmFxF3+0BE6dsT+AV1sb\/TQ+FKoe7QA7HqgngAvFAhpT8BkkQ7ctT1DjQQfFMMpgxQDvbVf1QF0PA4A8ZdR7foBP0KqBjXIYXPr03JQQY3NYLTk098MjoHnd1Rs1jn9QBetU9EMO89P6A1IqF\/1PiT7Z2C2uEZ2kbXvjtwPy0+iGCOTJDpIwPaTSxIH1ZHmlp8e5PAogNqunL8R7WzoBN3ne2YmDw4BYySWuO87bFooladX4DY6wWosFIhIygw9ih60d+GqrWswEXqP0YUPWDsKIMN9L\/Xnzte9H7o+hS1NA0xenr36vTChEZ+ZwvfKyxgaKlz6dvtv\/L1MFSW3vUGfgDKQpUZGCvdSksAi8Qi9I21quPJ4DkvDBi\/\/2RWh+xGERwKwMmnKcK+KktfYXO4GzPshr5RTQrYxVaIalIit6DTJQJqD0mGsBKjUGmijmn4vtZhr49pIfdP9Go5EadJ0w+oQ9mSP1kNMiIJdiaxBILefJNw9wo6VAsQC4KOsw8Nkoee2XgbTdMskQQKINqVXOsnq0XSgwUMo86bToPjhYDrnyfhFQRpRgoZeGwjbyJVVrbouUuexBeb0d\/VRgWTB1LxYJCYkzE3+Nh81QzaDGskXqmIhGDaAuMcCijxsg3ViEDUh0nnbeqw9omv3xD2BO0aMkSH0aSD3PDXuDc8KkKQqv1ZpigQexVbWjqHiA9FXijeDQYJLU4p28TaDBtEmkYIhe8uSJMH8jH0K7vCPi74D9BJ0YwYvecS7LwJ9MsN6NTIHvGqZryATj5PRtPDYG79hEH5qAaEC+LBqrBEq2+UyDWUsMxtD70wd0+JxISOQB6eKQ07gD\/MEo+wd8r83deUCqKj7ldSVhfICN5waBmncNCqsBjdDlQLusGE\/CMtnXMAGcxcAawY0dHiGr8FQY9axYssOMM487uf3PRML\/RzGFj3plyuMVpbwMPBPsuF5Cum6jRs2bMV2BaV0n5f5vw==\" \/> \t\t<a href=\"https:\/\/www.pdf24.org\" target=\"_blank\" title=\"www.pdf24.org\" rel=\"nofollow\"><img src=\"https:\/\/sowas-ev.de\/wp-content\/plugins\/pdf24-post-to-pdf\/img\/pdf_32x32.png\" alt=\"\" border=\"0\" height=\"32\" \/><\/a> \t\t<span class=\"pdf24Plugin-cp-space\">&nbsp;&nbsp;<\/span> \t\t<span class=\"pdf24Plugin-cp-text\">Send article as PDF<\/span> \t\t<span class=\"pdf24Plugin-cp-space\">&nbsp;&nbsp;<\/span> \t\t<input class=\"pdf24Plugin-cp-input\" style=\"margin: 0px;\" type=\"text\" name=\"sendEmailTo\" placeholder=\"Enter email address\" \/> \t\t<input class=\"pdf24Plugin-cp-submit\" style=\"margin: 0px;\" type=\"submit\" value=\"Send\" \/> \t<\/form> <\/div>","protected":false},"excerpt":{"rendered":"<p>Afrika auf einen Blick: Gambia Mit Zwei Sch\u00fclern begann SOWAS im Herbst 2002 seine F\u00f6rderungen in Gambia. Heute, im Herbst 2008, f\u00f6rdern wir 20 Kinder und Jugendliche. Diese besuchen insgesamt 12 verschiedene Schulen. Entsprechend unseren Kriterien f\u00f6rdern wir in der &hellip; <a href=\"https:\/\/sowas-ev.de\/?page_id=32\">Continue reading <span class=\"meta-nav\">&rarr;<\/span><\/a><\/p>\n","protected":false},"author":4,"featured_media":0,"parent":6,"menu_order":2,"comment_status":"open","ping_status":"open","template":"","meta":[],"_links":{"self":[{"href":"https:\/\/sowas-ev.de\/index.php?rest_route=\/wp\/v2\/pages\/32"}],"collection":[{"href":"https:\/\/sowas-ev.de\/index.php?rest_route=\/wp\/v2\/pages"}],"about":[{"href":"https:\/\/sowas-ev.de\/index.php?rest_route=\/wp\/v2\/types\/page"}],"author":[{"embeddable":true,"href":"https:\/\/sowas-ev.de\/index.php?rest_route=\/wp\/v2\/users\/4"}],"replies":[{"embeddable":true,"href":"https:\/\/sowas-ev.de\/index.php?rest_route=%2Fwp%2Fv2%2Fcomments&post=32"}],"version-history":[{"count":8,"href":"https:\/\/sowas-ev.de\/index.php?rest_route=\/wp\/v2\/pages\/32\/revisions"}],"predecessor-version":[{"id":900,"href":"https:\/\/sowas-ev.de\/index.php?rest_route=\/wp\/v2\/pages\/32\/revisions\/900"}],"up":[{"embeddable":true,"href":"https:\/\/sowas-ev.de\/index.php?rest_route=\/wp\/v2\/pages\/6"}],"wp:attachment":[{"href":"https:\/\/sowas-ev.de\/index.php?rest_route=%2Fwp%2Fv2%2Fmedia&parent=32"}],"curies":[{"name":"wp","href":"https:\/\/api.w.org\/{rel}","templated":true}]}}