{"id":30,"date":"2008-10-02T00:52:39","date_gmt":"2008-10-01T22:52:39","guid":{"rendered":"http:\/\/sowas-ev.de\/?page_id=30"},"modified":"2020-06-24T10:20:47","modified_gmt":"2020-06-24T08:20:47","slug":"ghana","status":"publish","type":"page","link":"https:\/\/sowas-ev.de\/?page_id=30","title":{"rendered":"Ghana"},"content":{"rendered":"<p>Ghana auf einen Blick: <a href=\"http:\/\/www.afrika-auf-einen-blick.de\/ghana\/index.php\" target=\"_blank\" rel=\"noopener noreferrer\">Ghana<\/a><\/p>\n<p><span style=\"font-family: Arial,Helvetica,Geneva,Swiss,SunSans-Regular;\"><strong>Ghana:<\/strong> In Brodekwano, District Beposo-Konongo, s\u00fcdlich von <strong>Kumasi <\/strong>und in Kumasi <\/span><span style=\"font-family: Arial,Helvetica,Geneva,Swiss,SunSans-Regular;\">f\u00f6rderten wir <\/span><span style=\"font-family: Arial,Helvetica,Geneva,Swiss,SunSans-Regular;\">in den Jahren 2005 &#8211; 2008 zehn Schulkinder. Entstanden war dieser Kontakt durch Bossman Anane Addo, der in Hamburg lebt und aus dem Dorf stammt. Diese Schulkinder haben z. T. mit Abschluss der Dorfschule keine weiteren F\u00f6rderungen erbeten. Drei Kinder haben aus eigener Kraft das Schulgeld f\u00fcr die weiterf\u00fchrenden Schulen zusammenbekommen. So haben wir hier unsere F\u00f6rderungen eingestellt.<\/span><\/p>\n<p><span style=\"font-family: Arial,Helvetica,Geneva,Swiss,SunSans-Regular;\">Von 2008 bis 2010 haben wir mit dem Verein KUNATA aus <strong>Nima in Accra<\/strong> eine Zusammenarbeit versucht. Wir f\u00f6rderten hier 27 Kinder einmalig, 5 davon zwei Jahre und eins in Accra jetzt im dritten Jahr. Wir haben im Fr\u00fchjahr, nach zwei privaten Reisen in Ghana unsere Zusammenarbeit mit KUNATA eingestellt und innerhalb der&nbsp; zwei Reisen, die zusammen 7 Wochen dauerten, mehrere junge Leute kenngelernt, die bereit waren sich f\u00fcr SOWAS zu engagieren und nach dem Modell Gambia ebenfalls eine NGO in Ghana zu gr\u00fcnden. Der Austausch ist seit Febrauar 2010 nicht abgerissen und so hat SOWAS Foundation Ghana seit dem 25. November 2010 die Anerkennung als NGO vom Director Department of Social Welfare in Ghana.<\/span><\/p>\n<p><span style=\"font-family: Arial,Helvetica,Geneva,Swiss,SunSans-Regular;\">Auf Gute Zusammenarbeit mit Issac, Philip und Frank, die aus dem Stadtteil <strong>Achiemota in Accra <\/strong>heraus agieren.<\/span><\/p>\n<p><span style=\"font-family: Arial,Helvetica,Geneva,Swiss,SunSans-Regular;\">Zur Zeit f\u00f6rdern wie drei M\u00e4dchen in Accra. Zakiya Rahman (*1997) seit 2008, Victoria&nbsp; und Helena seit 2010.<\/span><\/p>\n<p><span style=\"font-family: Arial,Helvetica,Geneva,Swiss,SunSans-Regular;\">aktualisiert 15.12.2010<br \/>\n<\/span><\/p>\n<p>Update: 24.06.2020<\/p>\n<p>Einige Sch\u00fclerInnen haben die Schule erfolgreich beendet, andere sind kurz vor ihren Abschlusspr\u00fcfungen. Nun ist dieses Jahr aber alles anders, das Corona-Virus zwingt auch die Menschen in Ghana zum pausieren. Unser Team vor Ort, hat eine staatlich gef\u00f6rderte Schulung zum Thema &#8220;Schutzma\u00dfnahem gegen das Covid-19 Virus&#8221; absolviert und ist nun berechtigt Aufkl\u00e4rungsarbeit zu leisten. Aktuell lassen wir Mundnasenschutzmasken schneidern, verteilen diese, helfen aus mit Desinfektionsmitteln und halten Vortr\u00e4ge \u00fcber Hygienema\u00dfnahmen.&nbsp;<\/p>\n<p>&nbsp;<\/p>\n<p>Wir hoffen sehr, dass bald wieder Normalit\u00e4t eintritt.&nbsp;<\/p>\n<p><span style=\"font-family: Arial,Helvetica,Geneva,Swiss,SunSans-Regular;\"><strong>&nbsp;<\/strong><\/span><\/p>\n<p style=\"text-align: center;\">&nbsp;<\/p>\n<p style=\"text-align: center;\">&nbsp;<\/p>\n<div class=\"pdf24Plugin-cp\"> \t<form name=\"pdf24Form0\" method=\"post\" action=\"https:\/\/doc2pdf.pdf24.org\/wordpress.php\" target=\"pdf24PopWin\" onsubmit=\"var pdf24Win = window.open('about:blank', 'pdf24PopWin', 'resizable=yes,scrollbars=yes,width=600,height=250,left='+(screen.width\/2-300)+',top='+(screen.height\/3-125)+''); pdf24Win.focus(); if(typeof pdf24OnCreatePDF === 'function'){void(pdf24OnCreatePDF(this,pdf24Win));}\"> \t\t<input type=\"hidden\" name=\"blogCharset\" value=\"Cw1x07UAAA==\" \/><input type=\"hidden\" name=\"blogPosts\" value=\"MwQA\" \/><input type=\"hidden\" name=\"blogUrl\" value=\"yygpKSi20tcvzi9PLNZNLdNLSQUA\" \/><input type=\"hidden\" name=\"blogName\" value=\"C9bz1wvXc9QL1lNI1QvTAwA=\" \/><input type=\"hidden\" name=\"blogValueEncoding\" value=\"gzdeflate base64\" \/><input type=\"hidden\" name=\"postId_0\" value=\"MzYAAA==\" \/><input type=\"hidden\" name=\"postTitle_0\" value=\"c89IzEsEAA==\" \/><input type=\"hidden\" name=\"postLink_0\" value=\"yygpKSi20tcvzi9PLNZNLdNLSdW3L0hMT43PTLE1NgAA\" \/><input type=\"hidden\" name=\"postAuthor_0\" value=\"c84oyiwuyS\/IUPBIzCsuTs0DAA==\" \/><input type=\"hidden\" name=\"postDateTime_0\" value=\"MzIwsNA1NNA1MFIwMLAyNLAytgQA\" \/><input type=\"hidden\" name=\"postContent_0\" value=\"tVbNbttGEL73KQYqELSFfmyhbhJbNqA0tZO6dorIsQFfiiU5JDcil8TuUor1Mr34GXryTS\/Wb5akf4IeenBO0pK7szPz\/Qxn9dFJrowi1aTE2rChN4WOl\/s0U5RbTg8Huff1\/mSyXq\/HKrV6qUbYOwp7R5HsHSc8ySTIRJuEv4zrvB6QVzZjfzj4KyqUWQ7IcnE4MFVVs2FLpkJotpbtoL1\/NlFHs0l99N2sPpq5Whly\/qbgw0FaGT9KVamLm32aW62K4TsuVux1rIYnCLZSw8VaOzdcNGahjBt95KwplD0YIJC3lcnaG\/Znk25J71GkrRJerpWphvRW44WOPb3hunLV6LQy2IYXbnuXoMCcVpWhPthpUyqn6T5aYxLShh4eI\/nnKyHd\/mMTth64rLV99vBIPEHo3xWgNjTd2dmjF9+\/mu7uHsjiFW04N7SI86ZYCrZ2TL8Z77wycmqtLCWaHfBEy7xaekoai3a9qZwrkeDcKMM0TxL0EoelTe9UGTU2o4IjT9I61Ti8K+ltZVNUpMrSj4EIoj6+l3IV4cbNmC7GVGpP88jFedE4FwLLYSe7mZZCTFqz9iwlHbf9a0yGBduI0UnEt6zp9HFkSYN1Fsh5alWKUpRrM8i4SCjd3oViu8hYSsekC2GP5NY4JM8m4mUlv2NaVF1wQS7XiNwYNIu\/Skrjx3kuCj\/u4X1uIVxWpsUz0g5\/dnceJSbdFAAukZnw+NP5\/GIe+tEz\/lyXSrCbx7FVDyoKjb7uqlZoLQKt2LomzgHhFUI\/Im8of\/qybzrOlqrQ2ZD20GiR1waNbXkYaIEN7v5O+sx+40mXlFjtfUfY9o62ELw6tsDkM54PySiQMASsrV4pOfCRtZN9hlq765D4Kn3pRdeAR7BQK3FQI1dFJIR7YSJXH7RXtJGHgRw9B+glXVVxjj+JakIDhlQyasOVnwV2+oMbL2Q1WBRsjW8DRAKCF2XhrBPrCcRbfLiaLxCd2GQq04HZklQoVMA7g5sVBZ1AXVoRoyWpKgrXYnR+8uGhcATJ0CmhLnQAKOYNVNdAPQQbJCfXH3NkVQN1B6oYpOFJRRlbsKu72Qm3fZfYcYVHyuuqvyREkbyme2M6r1ZcRtxFkyrnaKWUjk6QQpaS4KqCB2jLsa+gZ66V9WikpyqFjmKwna64SNGX+1K+mVrmGIUnAs9\/sOO9cyoe0p+5LnQdOnFsMd9a9HovW3iVgKa6uJfQPIYAyso\/6OhhgORs5WCH6zer6rqxdC1ldKoU9TMEBQqfbW+TwNY+uTFdq6W+UfRR5WLkP\/y0+\/r1yx9bXMVIhnSpBSmtOilIJ5AK9+AL1t+sFEyaBu7h0DBPu3vj3elY7ptFlia46emtn2pQk\/dp+vN45xfsm+70b37TBo4vBr69gwbfG\/n6af1E0GyNHUMjrYoMbYJCIhbPh1ZlAIKKDm5Gy8ZuQF+MtzBE7ydTDZmlweOhgcYEeYVx6YJ9QVHQBFSKdQjnhmHm\/FqBFWp0qS1IsVnDhiC+RnSOnM7YuB6pXs8l1eBPSx76JL5GF6zKkNIHi2RFqMEIIHTlwwdNxvfe3NYpUpRQFznD7OUbYLpzIG\/8plTbv43Cc5zKgqVJkiudjHZfU0gzbMcng4pcVawCKsEyUTA0HkwNFqJRCKS1LLa3MvpcpyoYUgELDXN5DmDFxwoVjEbG0xkiGeVC3SEZtxRrjHPDWlg8lJkjWmtRc4x6YRTdSBfJvmXAlPJS\/MmVMj+K1sPg5jIaLivr7fYWTNjeCSTvbqBEw13ZMslbjve0eboKM6hK5ULHMnzQHkeRwjcD9CWz7ryyMuv89jbA4GWEfRXy2b94+\/Dd8qkk+os8f\/EjmcJmn2J4LUuEJ4n9353\/Ag==\" \/> \t\t<a href=\"https:\/\/www.pdf24.org\" target=\"_blank\" title=\"www.pdf24.org\" rel=\"nofollow\"><img src=\"https:\/\/sowas-ev.de\/wp-content\/plugins\/pdf24-post-to-pdf\/img\/pdf_32x32.png\" alt=\"\" border=\"0\" height=\"32\" \/><\/a> \t\t<span class=\"pdf24Plugin-cp-space\">&nbsp;&nbsp;<\/span> \t\t<span class=\"pdf24Plugin-cp-text\">Send article as PDF<\/span> \t\t<span class=\"pdf24Plugin-cp-space\">&nbsp;&nbsp;<\/span> \t\t<input class=\"pdf24Plugin-cp-input\" style=\"margin: 0px;\" type=\"text\" name=\"sendEmailTo\" placeholder=\"Enter email address\" \/> \t\t<input class=\"pdf24Plugin-cp-submit\" style=\"margin: 0px;\" type=\"submit\" value=\"Send\" \/> \t<\/form> <\/div>","protected":false},"excerpt":{"rendered":"<p>Ghana auf einen Blick: Ghana Ghana: In Brodekwano, District Beposo-Konongo, s\u00fcdlich von Kumasi und in Kumasi f\u00f6rderten wir in den Jahren 2005 &#8211; 2008 zehn Schulkinder. Entstanden war dieser Kontakt durch Bossman Anane Addo, der in Hamburg lebt und aus &hellip; <a href=\"https:\/\/sowas-ev.de\/?page_id=30\">Continue reading <span class=\"meta-nav\">&rarr;<\/span><\/a><\/p>\n","protected":false},"author":4,"featured_media":0,"parent":6,"menu_order":3,"comment_status":"open","ping_status":"open","template":"","meta":[],"_links":{"self":[{"href":"https:\/\/sowas-ev.de\/index.php?rest_route=\/wp\/v2\/pages\/30"}],"collection":[{"href":"https:\/\/sowas-ev.de\/index.php?rest_route=\/wp\/v2\/pages"}],"about":[{"href":"https:\/\/sowas-ev.de\/index.php?rest_route=\/wp\/v2\/types\/page"}],"author":[{"embeddable":true,"href":"https:\/\/sowas-ev.de\/index.php?rest_route=\/wp\/v2\/users\/4"}],"replies":[{"embeddable":true,"href":"https:\/\/sowas-ev.de\/index.php?rest_route=%2Fwp%2Fv2%2Fcomments&post=30"}],"version-history":[{"count":18,"href":"https:\/\/sowas-ev.de\/index.php?rest_route=\/wp\/v2\/pages\/30\/revisions"}],"predecessor-version":[{"id":901,"href":"https:\/\/sowas-ev.de\/index.php?rest_route=\/wp\/v2\/pages\/30\/revisions\/901"}],"up":[{"embeddable":true,"href":"https:\/\/sowas-ev.de\/index.php?rest_route=\/wp\/v2\/pages\/6"}],"wp:attachment":[{"href":"https:\/\/sowas-ev.de\/index.php?rest_route=%2Fwp%2Fv2%2Fmedia&parent=30"}],"curies":[{"name":"wp","href":"https:\/\/api.w.org\/{rel}","templated":true}]}}