{"id":28,"date":"2008-10-02T00:52:28","date_gmt":"2008-10-01T22:52:28","guid":{"rendered":"http:\/\/sowas-ev.de\/?page_id=28"},"modified":"2020-06-24T10:22:45","modified_gmt":"2020-06-24T08:22:45","slug":"burkina-faso","status":"publish","type":"page","link":"https:\/\/sowas-ev.de\/?page_id=28","title":{"rendered":"Burkina Faso"},"content":{"rendered":"<p>Afrika auf einen Blick: <a href=\"http:\/\/www.afrika-auf-einen-blick.de\/burkina-faso\/index.php\" target=\"_blank\" rel=\"noopener noreferrer\">Burkina Faso<\/a><\/p>\n<p><!-- \t\t@page { margin: 2cm } \t\tP { margin-bottom: 0.21cm } --><span style=\"font-size: x-small;\">Nach einem ersten Engagement f\u00fcr eine Dorfschule in Burkina-Faso wollte SOWAS gerne mit einem seri\u00f6sen Partner in Burkina-Faso weiterhin aktiv bleiben. So kam es im Juni 2009 zu ersten Gespr\u00e4chen mit einer Delegation aus Burkina-Faso. <\/span><\/p>\n<p><span style=\"font-size: x-small;\">Nachdem im Oktober 2009 dann in Hamburg erste konkrete Gespr\u00e4che zwischen SOWAS und AJID \/ Radio Hamele (Association Jeunesse loba pour le Developpement) aus Burkina Faso gef\u00fchrt wurden gab es im Januar 2010 einen Besuch von SOWAS in Hamele, Burkina Faso. <\/span><\/p>\n<p><span style=\"font-size: x-small;\">Hamele ist ein Doppeldorf. Der S\u00fcdliche Teil liegt in Ghana und der N\u00f6rdliche Teil liegt in Burkina Faso. Die Entwicklung in Ghana ist dabei g\u00fcnstiger als die in Burkina Faso. Ghana verf\u00fcgt \u00fcber eine eindeutig bessere Infrastruktur die sich auch im Bildungsbereich positiv niederschl\u00e4gt. <\/span><\/p>\n<p><span style=\"font-size: x-small;\">Alleine der Rundgang durch Hamele (Burkina Faso) und speziell der Besuch in der \u00f6rtlichen Grundschule haben SOWAS (von) deutlich vor Augen gef\u00fchrt wie wichtig eine gezielte und kontinuierliche Hilfe dort vor Ort ist. <\/span><\/p>\n<p style=\"margin-bottom: 0cm;\">&nbsp;<\/p>\n<div id=\"attachment_167\" style=\"width: 190px\" class=\"wp-caption aligncenter\"><a href=\"http:\/\/sowas-ev.de\/wp-content\/uploads\/2008\/11\/schuleingonsin2.jpg\" target=\"_blank\" rel=\"noopener noreferrer\"><img aria-describedby=\"caption-attachment-167\" loading=\"lazy\" width=\"180\" height=\"130\" title=\"schuleingonsin2\" class=\"size-medium wp-image-167\" alt=\"Schulklasse in Gonsin\" src=\"http:\/\/sowas-ev.de\/wp-content\/uploads\/2008\/11\/schuleingonsin2-300x216.jpg\" srcset=\"https:\/\/sowas-ev.de\/wp-content\/uploads\/2008\/11\/schuleingonsin2-300x216.jpg 300w, https:\/\/sowas-ev.de\/wp-content\/uploads\/2008\/11\/schuleingonsin2.jpg 879w\" sizes=\"(max-width: 180px) 100vw, 180px\" \/><\/a><p id=\"caption-attachment-167\" class=\"wp-caption-text\">Schulklasse in Gonsin<\/p><\/div>\n<p><!-- \t\t@page { margin: 2cm } \t\tP { margin-bottom: 0.21cm } --><span style=\"font-size: x-small;\">Klassenst\u00e4rken bis zu 70 Kinder an maximal 14\/15 Tischen, Baumgruppen als Klassenraumersatz, Wellblechklassenzimmer oder einfach keine Lehrb\u00fccher usw. usw. <\/span><\/p>\n<p><span style=\"font-size: x-small;\">&nbsp;<\/span><\/p>\n<p style=\"margin-bottom: 0cm;\">&nbsp;<\/p>\n<div id=\"attachment_76\" style=\"width: 190px\" class=\"wp-caption aligncenter\"><a href=\"http:\/\/sowas-ev.de\/wp-content\/uploads\/2008\/10\/image04.jpg\"><img aria-describedby=\"caption-attachment-76\" loading=\"lazy\" width=\"180\" height=\"135\" title=\"image04\" class=\"size-medium wp-image-76\" alt=\"\" src=\"http:\/\/sowas-ev.de\/wp-content\/uploads\/2008\/10\/image04-300x225.jpg\" srcset=\"https:\/\/sowas-ev.de\/wp-content\/uploads\/2008\/10\/image04-300x225.jpg 300w, https:\/\/sowas-ev.de\/wp-content\/uploads\/2008\/10\/image04.jpg 640w\" sizes=\"(max-width: 180px) 100vw, 180px\" \/><\/a><p id=\"caption-attachment-76\" class=\"wp-caption-text\">in Burkina Faso auf dem Land<\/p><\/div>\n<p><!-- \t\t@page { margin: 2cm } \t\tP { margin-bottom: 0.21cm } --><span style=\"font-size: x-small;\">So meldeten sich auch in fast jeder Klasse (ausgenommen in den beiden ersten Klassen) Kinder zu Wort mit W\u00fcnschen an SOWAS. Die Liste ist lang und wurde in weiteren Gespr\u00e4chen mit Vertretern von AJID, den Lehrern und dem Schulsprecher konkretisiert. Der zw\u00f6lfj\u00e4hrige Schulsprecher nutzte das Gespr\u00e4ch um auch auf die mangelnde Ausstattung der Handballmannschaft hinzuweisen und bestand darauf, dass Schuhe und Trikots mit auf die Priorit\u00e4tenliste kamen. Tische und B\u00e4nke, m\u00f6glichst 40 St\u00fcck, 3 neue Klassenr\u00e4ume sowie Schreibtische und Schr\u00e4nke f\u00fcr die LehrerInnen sind die wichtigsten W\u00fcnsche der Schule in Hamele (Burkina Faso). <\/span><\/p>\n<p>&nbsp;<\/p>\n<p>&nbsp;<\/p>\n<p>&nbsp;<\/p>\n<p>Update: 2020<\/p>\n<p>Aufgrund der aktuellen Covid-19 bedingten Situation f\u00f6rdern wir derzeit die Produktion von Schutzmasken, helfen mit Waschstationen, Desinfektionsmitteln aus und leisten Aufkl\u00e4rungsarbeit \u00fcber Hygienema\u00dfnahmen.&nbsp;<\/p>\n<div class=\"pdf24Plugin-cp\"> \t<form name=\"pdf24Form0\" method=\"post\" action=\"https:\/\/doc2pdf.pdf24.org\/wordpress.php\" target=\"pdf24PopWin\" onsubmit=\"var pdf24Win = window.open('about:blank', 'pdf24PopWin', 'resizable=yes,scrollbars=yes,width=600,height=250,left='+(screen.width\/2-300)+',top='+(screen.height\/3-125)+''); pdf24Win.focus(); if(typeof pdf24OnCreatePDF === 'function'){void(pdf24OnCreatePDF(this,pdf24Win));}\"> \t\t<input type=\"hidden\" name=\"blogCharset\" value=\"Cw1x07UAAA==\" \/><input type=\"hidden\" name=\"blogPosts\" value=\"MwQA\" \/><input type=\"hidden\" name=\"blogUrl\" value=\"yygpKSi20tcvzi9PLNZNLdNLSQUA\" \/><input type=\"hidden\" name=\"blogName\" value=\"C9bz1wvXc9QL1lNI1QvTAwA=\" \/><input type=\"hidden\" name=\"blogValueEncoding\" value=\"gzdeflate base64\" \/><input type=\"hidden\" name=\"postId_0\" value=\"M7IAAA==\" \/><input type=\"hidden\" name=\"postTitle_0\" value=\"cyotys7MS1RwSyzOBwA=\" \/><input type=\"hidden\" name=\"postLink_0\" value=\"yygpKSi20tcvzi9PLNZNLdNLSdW3L0hMT43PTLE1sgAA\" \/><input type=\"hidden\" name=\"postAuthor_0\" value=\"c84oyiwuyS\/IUPBIzCsuTs0DAA==\" \/><input type=\"hidden\" name=\"postDateTime_0\" value=\"MzIwsNA1NNA1MFIwMLAyNLAysgAA\" \/><input type=\"hidden\" name=\"postContent_0\" value=\"vVfLcts2FF23X3HLRSeeMSVKedhxJE2dus1zkkyU1ssMKEIkQhDkAKDlqNNv6cbf4JV3+rGeC0q24ziZxMlkY0sQcB8H9x6cO2om+3OrSkGinZNURhp6qNWs3KORoMLK+TgqvG\/2+v3FYtETYW+MvXHYG6e8t5fJftraUhkRz4Wr+8pk8rjXFE1EXthc+nH0NtXClBFZqceRqetGGmnJ1PAgrZU2mjzsLNCfsDDqi8mo30x+HjWT0S9xTD\/99Fsjckn\/UAWDyuzRcFbRv1h\/db4Wp7X3dbVHSW84CL\/G8WTkGmHI+fdajqN5bXzs1FLu0XHsKqH1g2jyQsyKkHlF0joPAP4wOXxV0niar85s+JEOajt3s6LVkhQwWqfLwdKi1tpLmr483J9SLi12V8qvbTpp1erUwewrYT0n\/dFxqby0BZZF6dURpVqqVJoeTWsqBaJypCp62hpFwyS5T8t2E+gj6Rq7OpkV+LzxaOlAapkLr2oYbN0Hvno06jMgF+B+ETwZ8kAIL0tfp3AQosiEMZzKY1Hh7vMuJCprU1qJDxeh0XKhXAixA6g1Ge0\/fXJAfXotMlWzBURMt\/adq2eqC\/ypbI10TpKuU0FN3VrClgN5JHXdNOFuti5nF6oG2OO+Cutp0doMDnORbtATphUc+SDZVLl0LS7+qN7E1eWCSLY\/MHoDyNYJKRduBJWDiHWG+ukhA0vT1VmGtgEyb6TSpJXMPXt\/VAj4ZHgy7HqxOrXXbvswuAMlUa9+gTbUrckv7LD3TKRSUb46M84rFCYJ7ShT8mMz3ZkjaQEg3KzO+J5D3Utu5hbHKeULsZKemLkVztu29LgWNucQJm4DfwD1Q6UzROJgQfJ6UzvFZW2URF6oBL06yf0NYN3XOkTE6LwGTLlAvllr4WNTQpeT2gpQukYuldQ6nFrfObLnbwDYB4ABmcXedXcXAG1TE7dQHlvE+fNGFIul\/TbnyjqvNKQP8AsGKESXB3\/oAPaOdvDKtEra7iYfKz1HAjUOsq2X+I97uorFBoWrtDargMKvJnXNg25nBlhVNo6E9+hSboq3g3s70eb8QmW+2KPB\/aQ5jmimhXNYbOKZaDp20Co3M5xi+r1K965eCBfLIyZ3PoNMsLPfNroWmeuDA3b7g0G\/A02ZvDZOmWHvXZN\/DemPVJWTsErEmXQzC97L0vfjaB1hfJFYHBJj3\/A1jrRYvo8oJDiOBrtJRIVUeQGfg9v44pVnAK4Ed44BV1ZcyUy1FSE3VYHuOwdCw8SUj5W8NXTKo3AaqNrZN6IT306S4+HgXocS7DlGiU2672KT8HmxTd9mMBja3bm\/QITACXDdqsRxvCmmXRTTFg2S5AiewreI+pPwYDehGD91dx\/VX+zlsY8m16LN9T3qo75\/iAR4FryDJFcntkR3p8rxK7uT0DNmP\/Am3ldxjDrRNLjTH9ylN92ThqdCtFVuWzC8Cey6NmWxDLITfrlNh6AfvOmzokvSLFWF36jOOoqds\/4oA3c8l4VNV2ewbKl1i17356uJckMR34tTdu79QEpJ+qEdkzuhSb6CIDjKL+KHu+f8sPb0eV5gu4EWbsAA58l0XTq8+w2df62tm3T8BwjTvTvJd+x0ButTjX5FdISJg5Xlc2GyH9vvENbQC5lkDX1JuxjC9OLpHeuUdSPTLYhMPPg1WtZ0wgH0IBX\/W4vwdcdvbbgCxHHIDzwL8kOWXkFhiLWk6BTbc8VimSWaZhHDUiFIVvbQjQPXqPu\/pfWsra0JqpU19HaIh2mDVzvpWFFgVJyVgUjWklw5qBDfKdDlYnWq5+9WJ4WFLLyy37R+ieAy4S4iIDREwCjcGRKoELbUyBd6yDmPCmDxyek\/xm2mgBk7OHUx94TRZtkiLR6COEYISS84VgGanG+zKxeCKDrV9AZDZu1dSHrj8JVVtVUgaECuA3oYjXhI6pg4nHu4OjEl5Hu1Os1ZbwHeOwlNPRi13KbbZGQrzwl6dQKGJjSMCgBAq6b+whSvBGvdBMgRdCg\/MSYUDYd\/If1CIWwuO8AwPR8Vr9WmH7H6ZQr+\/Le\/mkx4lPMwGSabtf12ntvN5IApssWTg4h+r49UFg\/uA3GmRQ5yqnzbjVhzHjC4bBbK8rkl6m4NdZ1B2\/OeMB0hE7+shCv5vSskFGxXj4fCMcbBGv90IAHLXIaTDhs8CiTMaBwYBEYACZGWGAAsTwjCpuyzGzYev88V5GElVv8ZwWTSu5T2\/w==\" \/> \t\t<a href=\"https:\/\/www.pdf24.org\" target=\"_blank\" title=\"www.pdf24.org\" rel=\"nofollow\"><img src=\"https:\/\/sowas-ev.de\/wp-content\/plugins\/pdf24-post-to-pdf\/img\/pdf_32x32.png\" alt=\"\" border=\"0\" height=\"32\" \/><\/a> \t\t<span class=\"pdf24Plugin-cp-space\">&nbsp;&nbsp;<\/span> \t\t<span class=\"pdf24Plugin-cp-text\">Send article as PDF<\/span> \t\t<span class=\"pdf24Plugin-cp-space\">&nbsp;&nbsp;<\/span> \t\t<input class=\"pdf24Plugin-cp-input\" style=\"margin: 0px;\" type=\"text\" name=\"sendEmailTo\" placeholder=\"Enter email address\" \/> \t\t<input class=\"pdf24Plugin-cp-submit\" style=\"margin: 0px;\" type=\"submit\" value=\"Send\" \/> \t<\/form> <\/div>","protected":false},"excerpt":{"rendered":"<p>Afrika auf einen Blick: Burkina Faso Nach einem ersten Engagement f\u00fcr eine Dorfschule in Burkina-Faso wollte SOWAS gerne mit einem seri\u00f6sen Partner in Burkina-Faso weiterhin aktiv bleiben. So kam es im Juni 2009 zu ersten Gespr\u00e4chen mit einer Delegation aus &hellip; <a href=\"https:\/\/sowas-ev.de\/?page_id=28\">Continue reading <span class=\"meta-nav\">&rarr;<\/span><\/a><\/p>\n","protected":false},"author":4,"featured_media":0,"parent":6,"menu_order":1,"comment_status":"open","ping_status":"open","template":"","meta":[],"_links":{"self":[{"href":"https:\/\/sowas-ev.de\/index.php?rest_route=\/wp\/v2\/pages\/28"}],"collection":[{"href":"https:\/\/sowas-ev.de\/index.php?rest_route=\/wp\/v2\/pages"}],"about":[{"href":"https:\/\/sowas-ev.de\/index.php?rest_route=\/wp\/v2\/types\/page"}],"author":[{"embeddable":true,"href":"https:\/\/sowas-ev.de\/index.php?rest_route=\/wp\/v2\/users\/4"}],"replies":[{"embeddable":true,"href":"https:\/\/sowas-ev.de\/index.php?rest_route=%2Fwp%2Fv2%2Fcomments&post=28"}],"version-history":[{"count":19,"href":"https:\/\/sowas-ev.de\/index.php?rest_route=\/wp\/v2\/pages\/28\/revisions"}],"predecessor-version":[{"id":902,"href":"https:\/\/sowas-ev.de\/index.php?rest_route=\/wp\/v2\/pages\/28\/revisions\/902"}],"up":[{"embeddable":true,"href":"https:\/\/sowas-ev.de\/index.php?rest_route=\/wp\/v2\/pages\/6"}],"wp:attachment":[{"href":"https:\/\/sowas-ev.de\/index.php?rest_route=%2Fwp%2Fv2%2Fmedia&parent=28"}],"curies":[{"name":"wp","href":"https:\/\/api.w.org\/{rel}","templated":true}]}}