{"id":2,"date":"2008-07-17T14:12:11","date_gmt":"2008-07-17T12:12:11","guid":{"rendered":"http:\/\/sowas-ev.de\/?page_id=2"},"modified":"2021-05-10T22:44:00","modified_gmt":"2021-05-10T20:44:00","slug":"ueber","status":"publish","type":"page","link":"https:\/\/sowas-ev.de\/?page_id=2","title":{"rendered":"IMPRESSUM"},"content":{"rendered":"<p style=\"text-align: center;\">Support of West African Students<\/p>\n<p style=\"text-align: center;\">Vereinsregister Hamburg 17521<\/p>\n<p style=\"text-align: center;\">Der Vorstand:<br>Anastasia Tamms\/ Idona Asamoah Cylase \/ Germaine Tesch- Ntad<\/p>\n<p>&nbsp;<\/p>\n<p style=\"text-align: center;\"><strong>Bankverbindung f\u00fcr Spenden:<\/strong><\/p>\n<p style=\"text-align: center;\"><strong>IBAN: DE13 2019 0003 0002 3622 01<br>ID: DE118513584 (international)<br>BIC: GENODEF1HH2<\/strong><\/p>\n<p>&nbsp;<\/p>\n<p style=\"text-align: center;\">&nbsp;<\/p>\n<p style=\"text-align: center;\">Stand: 29.03.2021<\/p>\n<p style=\"text-align: center;\"><strong>Haftungshinweis:<\/strong> Trotz sorgf\u00e4ltiger inhaltlicher Kontrolle \u00fcbernehmen wir keine Haftung f\u00fcr die Inhalte externer Links. F\u00fcr den Inhalt der verlinkten Seiten sind ausschlie\u00dflich deren Betreiber verantwortlich. Namentlich gekennzeichnete Beitr\u00e4ge geben nicht unbedingt die Meinung der Redaktion wieder.<\/p>\n<p style=\"text-align: center;\"><a href=\"http:\/\/sowas-ev.de\/wp-content\/uploads\/2008\/07\/alafia-2009.jpg\"><img loading=\"lazy\" class=\"size-medium wp-image-480 aligncenter\" title=\"alafia-2009\" src=\"http:\/\/sowas-ev.de\/wp-content\/uploads\/2008\/07\/alafia-2009-300x168.jpg\" alt=\"alafia-2009\" width=\"300\" height=\"168\" srcset=\"https:\/\/sowas-ev.de\/wp-content\/uploads\/2008\/07\/alafia-2009-300x168.jpg 300w, https:\/\/sowas-ev.de\/wp-content\/uploads\/2008\/07\/alafia-2009-1024x576.jpg 1024w, https:\/\/sowas-ev.de\/wp-content\/uploads\/2008\/07\/alafia-2009.jpg 2048w\" sizes=\"(max-width: 300px) 100vw, 300px\" \/><\/a><\/p>\n<p style=\"text-align: center;\">Auf dem Alafia-Fest in Hamburg-Ottensen, August 2009<\/p>\n\n\n<p><\/p>\n<div class=\"pdf24Plugin-cp\"> \t<form name=\"pdf24Form0\" method=\"post\" action=\"https:\/\/doc2pdf.pdf24.org\/wordpress.php\" target=\"pdf24PopWin\" onsubmit=\"var pdf24Win = window.open('about:blank', 'pdf24PopWin', 'resizable=yes,scrollbars=yes,width=600,height=250,left='+(screen.width\/2-300)+',top='+(screen.height\/3-125)+''); pdf24Win.focus(); if(typeof pdf24OnCreatePDF === 'function'){void(pdf24OnCreatePDF(this,pdf24Win));}\"> \t\t<input type=\"hidden\" name=\"blogCharset\" value=\"Cw1x07UAAA==\" \/><input type=\"hidden\" name=\"blogPosts\" value=\"MwQA\" \/><input type=\"hidden\" name=\"blogUrl\" value=\"yygpKSi20tcvzi9PLNZNLdNLSQUA\" \/><input type=\"hidden\" name=\"blogName\" value=\"C9bz1wvXc9QL1lNI1QvTAwA=\" \/><input type=\"hidden\" name=\"blogValueEncoding\" value=\"gzdeflate base64\" \/><input type=\"hidden\" name=\"postId_0\" value=\"MwIA\" \/><input type=\"hidden\" name=\"postTitle_0\" value=\"8\/QNCHINDg71BQA=\" \/><input type=\"hidden\" name=\"postLink_0\" value=\"yygpKSi20tcvzi9PLNZNLdNLSdW3L0hMT43PTLE1AgA=\" \/><input type=\"hidden\" name=\"postAuthor_0\" value=\"c84oyiwuyUzMS1Vwzy+pyk3MywMA\" \/><input type=\"hidden\" name=\"postDateTime_0\" value=\"MzIwsNA1MNc1NFcwNLEyMLcyNAQA\" \/><input type=\"hidden\" name=\"postContent_0\" value=\"pVXBTttAEL3zFSMfKpBwvHYIhJBESgiQqG2QGkTP63hsb2Ovrd01DvmZXvgMbvmxzjqgVhyqoFzsmZ23b97MrNf9ErR5znDgGFwbl2cikT1YojSorpzhoirLQhkoYviJ2sAoVmLJJSxMFRFG971yeNT\/P8cjKhRSK0yEphWY8jysVAL+RSfw9yGY0KbHQmnDZdTrh2o4kpwcLTg88DzXHsyiQnIYaZ4XPIXr54xrBA\/uUOVcSIQH1MvUhbnh0VvC4RcZ6vJqn\/R9bVQhk+GYy9UTqlDIqJIJxNtXBYsSJTWi1\/feQJ8hnI1H8x5Mbvw2BMy\/BMZY2z4CaJ8HATDf1jqbNBC\/2\/Hbne4ZHAvLIrkRVHJ2YiHj2XUP7m7m95ObW386DT6K+USt+yMXzTQguGyxditg+03yvfIpjw31UKdC1ij03\/bBgyrMBnShknj7khmR0OyFTHlmMrFMyflaSIJmGcL2NaRGYJqjhFooWKEd9Rv1bjyRQJg1uxFIj4Ur+CbkSrfgtgHQ3h2ATAU03oyihlYXKOxL07SBV5rOTyZw+9uqsFAKjdHQwQ5327g0NX0oNtyCOSdNjQ0JrlDKDZItkVSMiVZtXxKkSEgkkgIGKhliJGRiGsXfqRBbglX0AyO+srOmEpEWWnu1mUOqMB44qTFlz\/N0UXPt4lMrQq8u3SW1kKBeVWYFj7QXMNb12IXHMx4L7pJ72fpVJsQj8gQshqQNnIxvnh1Y0relB44WG3RzEl3lQJQi5wm6Z10GjZadEgeMMFbkP8QOaLU8QJjbZmztn3cbgZTMfGCvRWTSgUMoB1IUSUoAgjdpNZpdZn1waiC7PoUDyHwWnK07F+cNm3UOomtYAnbWralSGg1N6Djna7dpR8+qLdcnlIY9UZrGc8Cj+4HvdWGNqpgOYw6jXcJb+ycQ8v0id+8NydMoT2FUJRXFrKKG98jePo31Bw==\" \/> \t\t<a href=\"https:\/\/www.pdf24.org\" target=\"_blank\" title=\"www.pdf24.org\" rel=\"nofollow\"><img src=\"https:\/\/sowas-ev.de\/wp-content\/plugins\/pdf24-post-to-pdf\/img\/pdf_32x32.png\" alt=\"\" border=\"0\" height=\"32\" \/><\/a> \t\t<span class=\"pdf24Plugin-cp-space\">&nbsp;&nbsp;<\/span> \t\t<span class=\"pdf24Plugin-cp-text\">Send article as PDF<\/span> \t\t<span class=\"pdf24Plugin-cp-space\">&nbsp;&nbsp;<\/span> \t\t<input class=\"pdf24Plugin-cp-input\" style=\"margin: 0px;\" type=\"text\" name=\"sendEmailTo\" placeholder=\"Enter email address\" \/> \t\t<input class=\"pdf24Plugin-cp-submit\" style=\"margin: 0px;\" type=\"submit\" value=\"Send\" \/> \t<\/form> <\/div>","protected":false},"excerpt":{"rendered":"<p>Support of West African Students Vereinsregister Hamburg 17521 Der Vorstand:Anastasia Tamms\/ Idona Asamoah Cylase \/ Germaine Tesch- Ntad &nbsp; Bankverbindung f\u00fcr Spenden: IBAN: DE13 2019 0003 0002 3622 01ID: DE118513584 (international)BIC: GENODEF1HH2 &nbsp; &nbsp; Stand: 29.03.2021 Haftungshinweis: Trotz sorgf\u00e4ltiger inhaltlicher &hellip; <a href=\"https:\/\/sowas-ev.de\/?page_id=2\">Continue reading <span class=\"meta-nav\">&rarr;<\/span><\/a><\/p>\n","protected":false},"author":2,"featured_media":0,"parent":0,"menu_order":7,"comment_status":"open","ping_status":"open","template":"","meta":[],"_links":{"self":[{"href":"https:\/\/sowas-ev.de\/index.php?rest_route=\/wp\/v2\/pages\/2"}],"collection":[{"href":"https:\/\/sowas-ev.de\/index.php?rest_route=\/wp\/v2\/pages"}],"about":[{"href":"https:\/\/sowas-ev.de\/index.php?rest_route=\/wp\/v2\/types\/page"}],"author":[{"embeddable":true,"href":"https:\/\/sowas-ev.de\/index.php?rest_route=\/wp\/v2\/users\/2"}],"replies":[{"embeddable":true,"href":"https:\/\/sowas-ev.de\/index.php?rest_route=%2Fwp%2Fv2%2Fcomments&post=2"}],"version-history":[{"count":26,"href":"https:\/\/sowas-ev.de\/index.php?rest_route=\/wp\/v2\/pages\/2\/revisions"}],"predecessor-version":[{"id":947,"href":"https:\/\/sowas-ev.de\/index.php?rest_route=\/wp\/v2\/pages\/2\/revisions\/947"}],"wp:attachment":[{"href":"https:\/\/sowas-ev.de\/index.php?rest_route=%2Fwp%2Fv2%2Fmedia&parent=2"}],"curies":[{"name":"wp","href":"https:\/\/api.w.org\/{rel}","templated":true}]}}