{"id":145,"date":"2020-01-24T02:18:22","date_gmt":"2020-01-24T00:18:22","guid":{"rendered":"http:\/\/sowas-ev.de\/?page_id=145"},"modified":"2020-06-24T10:33:47","modified_gmt":"2020-06-24T08:33:47","slug":"news","status":"publish","type":"page","link":"https:\/\/sowas-ev.de\/?page_id=145","title":{"rendered":"NEWS"},"content":{"rendered":"<p>Sofort Hilfe f\u00fcr unsere Sch\u00fclerInnen,<\/p>\n<p>dieses Jahr ist alles anders. Wir helfen wo wir k\u00f6nnen und sind auch weiterhin auf eure Unterst\u00fctzung angewiesen.&nbsp;<br>Praktisch kein afrikanisches Land hat ein Gesundheitssystem, dass den normalen allt\u00e4glichen Anforderungen irgendwie gerecht werden kann.<br>Angesichts der sozialen und \u00f6konomischen Verh\u00e4ltnisse ist der gr\u00f6\u00dfte Teil der Menschen in Afrika darauf angewiesen t\u00e4glich aufs Neue auf M\u00e4rkten oder bei Gelegenheitsarbeiten etwas Geld f\u00fcrs t\u00e4gliche (\u00dcber) Leben zu verdienen.<br>L\u00e4nder die kein ausreichendes und kein gut ausgestattetes Gesundheitssystem haben, sehen als eines der wenigen Mittel, mit dem sie gegen Corona hoffen was ausrichten zu k\u00f6nnen, eine massive (totale) Ausgangssperre. Das ist sozial, \u00f6konomisch, kulturell und medizinisch praktisch kaum durchzuhalten und bringt bereits JETZT in vielen afrikanischen L\u00e4ndern Hungersn\u00f6te.<br>SOWAS e.V. hat viele dringende Notrufe unserer Partner in Burkina-Faso, Gambia und Ghana erreicht. Aktuell hat unsere Partnerorganisation in Gambia angefangen Masken zu produzieren und zu schauen, wo mit Lebensmitteln geholfen werden kann\/muss.&nbsp;<\/p>\n<p>&nbsp;<\/p>\n<p>Update: 24.06.2020<\/p>\n<p>Mittlerweile werden in Ghana, Gambia und Burkina-Faso, dank Eurer gro\u00dfartigen Hilfe, Mundnasenschutzmasken geschneidert und an die Menschen verteilt. In Ghana hat unser Team zudem eine staatlich gef\u00f6rderte Schulung \u00fcber Covid-19 und Schutzma\u00dfnahmen absolviert und leistet nun Aufkl\u00e4rungsarbeit. In allen drei L\u00e4ndern helfen wir wo wir k\u00f6nnen, kl\u00e4ren auf \u00fcber Hygienema\u00dfnahmen, haben Waschstationen aufgestellt und verteilen die Schutzmasken und Desinfektionsmittel. Auch Lebensmittel spenden f\u00fcr die Familien unserer Sch\u00fclerInnen sind im Notfall in der aktuellen Situation nicht ausgeschlossen.&nbsp;<br><br>Wir hoffen alle auf Normalit\u00e4t, und dass wir die Krise m\u00f6glichst unbeschadet gemeinsam \u00fcberstehen.&nbsp;<\/p>\n<p>&nbsp;<\/p>\n<p>&nbsp;<\/p>\n\n\n<p><\/p>\n<div class=\"pdf24Plugin-cp\"> \t<form name=\"pdf24Form0\" method=\"post\" action=\"https:\/\/doc2pdf.pdf24.org\/wordpress.php\" target=\"pdf24PopWin\" onsubmit=\"var pdf24Win = window.open('about:blank', 'pdf24PopWin', 'resizable=yes,scrollbars=yes,width=600,height=250,left='+(screen.width\/2-300)+',top='+(screen.height\/3-125)+''); pdf24Win.focus(); if(typeof pdf24OnCreatePDF === 'function'){void(pdf24OnCreatePDF(this,pdf24Win));}\"> \t\t<input type=\"hidden\" name=\"blogCharset\" value=\"Cw1x07UAAA==\" \/><input type=\"hidden\" name=\"blogPosts\" value=\"MwQA\" \/><input type=\"hidden\" name=\"blogUrl\" value=\"yygpKSi20tcvzi9PLNZNLdNLSQUA\" \/><input type=\"hidden\" name=\"blogName\" value=\"C9bz1wvXc9QL1lNI1QvTAwA=\" \/><input type=\"hidden\" name=\"blogValueEncoding\" value=\"gzdeflate base64\" \/><input type=\"hidden\" name=\"postId_0\" value=\"MzQxBQA=\" \/><input type=\"hidden\" name=\"postTitle_0\" value=\"83MNDwYA\" \/><input type=\"hidden\" name=\"postLink_0\" value=\"yygpKSi20tcvzi9PLNZNLdNLSdW3L0hMT43PTLE1NDEFAA==\" \/><input type=\"hidden\" name=\"postAuthor_0\" value=\"c84oyiwuyUzMS1Vwzy+pyk3MywMA\" \/><input type=\"hidden\" name=\"postDateTime_0\" value=\"MzIwMtA1MNQ1MlEwMLIyMLQyMgIA\" \/><input type=\"hidden\" name=\"postContent_0\" value=\"bVVNb9tGEL3nV8ypSABGcY2iQFvDgNokdlLLDSAnBnpbiUNyQXJX2A8L0W8J4It\/g06+8Y\/1zZCOLDQHy9pdzeybN2\/enm3Ol77yIdGl7SqmangMlF3kwLRcN8Njx+GDc+yKszeb8xdnm\/PScuRIH00TyMZEpuuwNK7kEGd0awM1jEyOtp62WLXDXuKRtKRo8WHyuqEt28ShsQ7Lijjjus8OOzENj2mXXY2MNW\/lLjf7ya3i5o+zVTj\/FEybbESCliW2CrY1TjaA4QogqDGJ5OiCI25scE2MX2PivqDSxEgloDgfetPhC7Cn4aHuLOIdzR2IQBm4HSsb8FkCAdUgY90kYA4SjQvdTMDM8buI0CRZA0W\/s5pVKh32rXe+V2SOvqDU4aFLQBpZWZOAOgz74T4x3bDtdGfBbgxAAXOtDaCDMHRgg54QC3ORrjmzcrgYHkKbcO4l04otKOgYNSgHJqyEcUectibKUam9jt\/TMb0cvq04vKIrXuGHu0x3KNgymqflXg0P0mTC1sR+joGVuhLsS9W6XeckR+AmmZQ4cfx\/M9Am3FFQ5EbbEKVnPPK4ZWelAQuL6K6g3gpdPcQjrZCTv3zwzlDjK9UZ6hEo0okR9yS5QpNSj7bbO5SXfEJ\/XtEc4MBnjBsOgWf0FgmkJ2MDi+e9K6jNXYI6u04L7Lm0O6uCo81Biyb3VOawbna5MV2aNLAK1tUJrQhSOH18d\/PvjXT2zrKK75l4HU3sOroU+YXohn1i5X35z+18STz7MlNxazSVkluIp2ufQsbkjkMb6JMJyeE\/Lvozh9Y68\/q9ib6gC9OvrFFkF40Bf1K9kDajeZuylCj5p+Gf0vhQC0STrFdVTklEjpXROVmY2I60b4Iv884ieqwfW6jNZOkEzED6qNKKvXYWSuHGj1ZxmKw3fY7xaeInyzlefd6UJvHvdPrL7OTX2enJ6cnTiSgGfgVvAUNTTsEs1R7Vf0xMaVxL73LQkfTDPSpXAaojFrRAhDNRRzOnXT\/WC3mvG8cWPUua0zidjO8jjOFJAAJ2P0wQDvRi4k0PfkTWqlGMikk61OB12IsLJTXg3IkXDo8QEWR\/Z8vXP\/+m1y0nMMO9M00vclpF30EcE5yOIWlO5DKsJFdtB3tAqskIFJQ4N0BDBAf1PXk3jPvYvzEJkoJHwx4BXX6txR4OIIpxrunWgAMZf6hmjBA3gMJGbBM1PDK2fE6rHL+Fq7qKW4metAKJyqvxXD6E8XXSYX2yJNF709vOapJxFI4esPHxsb0MTIXSRRliN2bUPn6wtCmPQncyFpOJrZvOx+NXSP70oRsNSHhUVq71XbFw1FRoJfriCIkC7+9gYf79sFe7jULFStKbEm2quYcQIlSh1IKs5nDlD8fg2eqFrPXbfw==\" \/> \t\t<a href=\"https:\/\/www.pdf24.org\" target=\"_blank\" title=\"www.pdf24.org\" rel=\"nofollow\"><img src=\"https:\/\/sowas-ev.de\/wp-content\/plugins\/pdf24-post-to-pdf\/img\/pdf_32x32.png\" alt=\"\" border=\"0\" height=\"32\" \/><\/a> \t\t<span class=\"pdf24Plugin-cp-space\">&nbsp;&nbsp;<\/span> \t\t<span class=\"pdf24Plugin-cp-text\">Send article as PDF<\/span> \t\t<span class=\"pdf24Plugin-cp-space\">&nbsp;&nbsp;<\/span> \t\t<input class=\"pdf24Plugin-cp-input\" style=\"margin: 0px;\" type=\"text\" name=\"sendEmailTo\" placeholder=\"Enter email address\" \/> \t\t<input class=\"pdf24Plugin-cp-submit\" style=\"margin: 0px;\" type=\"submit\" value=\"Send\" \/> \t<\/form> <\/div>","protected":false},"excerpt":{"rendered":"<p>Sofort Hilfe f\u00fcr unsere Sch\u00fclerInnen, dieses Jahr ist alles anders. Wir helfen wo wir k\u00f6nnen und sind auch weiterhin auf eure Unterst\u00fctzung angewiesen.&nbsp;Praktisch kein afrikanisches Land hat ein Gesundheitssystem, dass den normalen allt\u00e4glichen Anforderungen irgendwie gerecht werden kann.Angesichts der sozialen &hellip; <a href=\"https:\/\/sowas-ev.de\/?page_id=145\">Continue reading <span class=\"meta-nav\">&rarr;<\/span><\/a><\/p>\n","protected":false},"author":2,"featured_media":0,"parent":0,"menu_order":0,"comment_status":"open","ping_status":"open","template":"","meta":[],"_links":{"self":[{"href":"https:\/\/sowas-ev.de\/index.php?rest_route=\/wp\/v2\/pages\/145"}],"collection":[{"href":"https:\/\/sowas-ev.de\/index.php?rest_route=\/wp\/v2\/pages"}],"about":[{"href":"https:\/\/sowas-ev.de\/index.php?rest_route=\/wp\/v2\/types\/page"}],"author":[{"embeddable":true,"href":"https:\/\/sowas-ev.de\/index.php?rest_route=\/wp\/v2\/users\/2"}],"replies":[{"embeddable":true,"href":"https:\/\/sowas-ev.de\/index.php?rest_route=%2Fwp%2Fv2%2Fcomments&post=145"}],"version-history":[{"count":11,"href":"https:\/\/sowas-ev.de\/index.php?rest_route=\/wp\/v2\/pages\/145\/revisions"}],"predecessor-version":[{"id":905,"href":"https:\/\/sowas-ev.de\/index.php?rest_route=\/wp\/v2\/pages\/145\/revisions\/905"}],"wp:attachment":[{"href":"https:\/\/sowas-ev.de\/index.php?rest_route=%2Fwp%2Fv2%2Fmedia&parent=145"}],"curies":[{"name":"wp","href":"https:\/\/api.w.org\/{rel}","templated":true}]}}