{"id":105,"date":"2008-10-16T20:21:37","date_gmt":"2008-10-16T18:21:37","guid":{"rendered":"http:\/\/sowas-ev.de\/?page_id=105"},"modified":"2020-06-24T10:24:50","modified_gmt":"2020-06-24T08:24:50","slug":"niger","status":"publish","type":"page","link":"https:\/\/sowas-ev.de\/?page_id=105","title":{"rendered":"Niger"},"content":{"rendered":"<p>Afrika auf einen Blick: <a href=\"http:\/\/www.afrika-auf-einen-blick.de\/niger\/index.php\" target=\"_blank\" rel=\"noopener noreferrer\">Niger<\/a><\/p>\n<p style=\"margin-bottom: 0cm;\">Seit August 2008 sind wir nun mit einer NGO aus Niger in Kontakt. Bildung (Schwerpunkt l\u00e4ndliche Grundschulen) und Gesundheit (Schwerpunkt Aufkl\u00e4rung) f\u00fcr die S\u00fcd\u00f6stliche Region in Niger hat sich diese NGO zur Aufgabe gemacht.<\/p>\n<p style=\"margin-bottom: 0cm;\">Mit dem Wunsch gemeinsam zu schauen welches Projekt von SOWAS mit unterst\u00fctzt werden kann, sind wir nun in gemeinsamen Gespr\u00e4chen.<\/p>\n<p>&nbsp;<\/p>\n<p>Update 2020:&nbsp;<br>Aktuell gibt es keine Zusammenarbeit in Niger.&nbsp;<\/p>\n\n\n<p><\/p>\n<div class=\"pdf24Plugin-cp\"> \t<form name=\"pdf24Form0\" method=\"post\" action=\"https:\/\/doc2pdf.pdf24.org\/wordpress.php\" target=\"pdf24PopWin\" onsubmit=\"var pdf24Win = window.open('about:blank', 'pdf24PopWin', 'resizable=yes,scrollbars=yes,width=600,height=250,left='+(screen.width\/2-300)+',top='+(screen.height\/3-125)+''); pdf24Win.focus(); if(typeof pdf24OnCreatePDF === 'function'){void(pdf24OnCreatePDF(this,pdf24Win));}\"> \t\t<input type=\"hidden\" name=\"blogCharset\" value=\"Cw1x07UAAA==\" \/><input type=\"hidden\" name=\"blogPosts\" value=\"MwQA\" \/><input type=\"hidden\" name=\"blogUrl\" value=\"yygpKSi20tcvzi9PLNZNLdNLSQUA\" \/><input type=\"hidden\" name=\"blogName\" value=\"C9bz1wvXc9QL1lNI1QvTAwA=\" \/><input type=\"hidden\" name=\"blogValueEncoding\" value=\"gzdeflate base64\" \/><input type=\"hidden\" name=\"postId_0\" value=\"MzQwBQA=\" \/><input type=\"hidden\" name=\"postTitle_0\" value=\"88tMTy0CAA==\" \/><input type=\"hidden\" name=\"postLink_0\" value=\"yygpKSi20tcvzi9PLNZNLdNLSdW3L0hMT43PTLE1NDAFAA==\" \/><input type=\"hidden\" name=\"postAuthor_0\" value=\"c84oyiwuyUzMS1Vwzy+pyk3MywMA\" \/><input type=\"hidden\" name=\"postDateTime_0\" value=\"MzIwsNA1NNA1NFMwMrAyNLAyNgcA\" \/><input type=\"hidden\" name=\"postContent_0\" value=\"jZHBbpwwEIbveYoRh6iRurDKqdqwSOSyh6pJ1VUVqZfIwIAdYLDscWnzPHmGnvbGi3VMulVz6wlj\/\/PNP\/\/ktihbZ3oFKrSAhpDgdjB1v4NcgXbY7hPNbHdZNs9zqlbtRrSbVbupojZtMCPTocsMNfgjtdomwMp1yPvksRoU9Qk4HPYJTZNFQgc0CRqdQ5cUd7E0z1SRZ7a4yC14\/jngPhmFYKTFxDyNO9jW401SHNEwlKELnuF6u\/0AXnrCbAQZCEZ5jMYc3B3uZSQPKxwMwceJWPWcwq0ZmkAdvDvWekZnA\/UMw\/JCjcyiEQ4uUONrHQakK5AzHNDLR8fOb4rK0PZSKPruCtrl5KAxCMfl1Cy\/PL\/SvmBnJooGXp1oxWK51lHqcbX5HFxEdapC6HBUteb0f6L4JH4aHOEhkNiNpTK6V6MAQS5UkF3OOIgLD5\/d9IRi+bt4Od4\/lMc1qkCMzvNy4mcWqWukoldE79+mKub\/wkUhcVi3vAiXzj6LS6q8vTn\/fbWNYpT9XG93f14qV5Q9BxwG6EwlW\/LQx03BtyBUwSpXxYDPQaX\/EC8icz39Bg==\" \/> \t\t<a href=\"https:\/\/www.pdf24.org\" target=\"_blank\" title=\"www.pdf24.org\" rel=\"nofollow\"><img src=\"https:\/\/sowas-ev.de\/wp-content\/plugins\/pdf24-post-to-pdf\/img\/pdf_32x32.png\" alt=\"\" border=\"0\" height=\"32\" \/><\/a> \t\t<span class=\"pdf24Plugin-cp-space\">&nbsp;&nbsp;<\/span> \t\t<span class=\"pdf24Plugin-cp-text\">Send article as PDF<\/span> \t\t<span class=\"pdf24Plugin-cp-space\">&nbsp;&nbsp;<\/span> \t\t<input class=\"pdf24Plugin-cp-input\" style=\"margin: 0px;\" type=\"text\" name=\"sendEmailTo\" placeholder=\"Enter email address\" \/> \t\t<input class=\"pdf24Plugin-cp-submit\" style=\"margin: 0px;\" type=\"submit\" value=\"Send\" \/> \t<\/form> <\/div>","protected":false},"excerpt":{"rendered":"<p>Afrika auf einen Blick: Niger Seit August 2008 sind wir nun mit einer NGO aus Niger in Kontakt. Bildung (Schwerpunkt l\u00e4ndliche Grundschulen) und Gesundheit (Schwerpunkt Aufkl\u00e4rung) f\u00fcr die S\u00fcd\u00f6stliche Region in Niger hat sich diese NGO zur Aufgabe gemacht. Mit &hellip; <a href=\"https:\/\/sowas-ev.de\/?page_id=105\">Continue reading <span class=\"meta-nav\">&rarr;<\/span><\/a><\/p>\n","protected":false},"author":2,"featured_media":0,"parent":6,"menu_order":4,"comment_status":"open","ping_status":"open","template":"","meta":[],"_links":{"self":[{"href":"https:\/\/sowas-ev.de\/index.php?rest_route=\/wp\/v2\/pages\/105"}],"collection":[{"href":"https:\/\/sowas-ev.de\/index.php?rest_route=\/wp\/v2\/pages"}],"about":[{"href":"https:\/\/sowas-ev.de\/index.php?rest_route=\/wp\/v2\/types\/page"}],"author":[{"embeddable":true,"href":"https:\/\/sowas-ev.de\/index.php?rest_route=\/wp\/v2\/users\/2"}],"replies":[{"embeddable":true,"href":"https:\/\/sowas-ev.de\/index.php?rest_route=%2Fwp%2Fv2%2Fcomments&post=105"}],"version-history":[{"count":9,"href":"https:\/\/sowas-ev.de\/index.php?rest_route=\/wp\/v2\/pages\/105\/revisions"}],"predecessor-version":[{"id":904,"href":"https:\/\/sowas-ev.de\/index.php?rest_route=\/wp\/v2\/pages\/105\/revisions\/904"}],"up":[{"embeddable":true,"href":"https:\/\/sowas-ev.de\/index.php?rest_route=\/wp\/v2\/pages\/6"}],"wp:attachment":[{"href":"https:\/\/sowas-ev.de\/index.php?rest_route=%2Fwp%2Fv2%2Fmedia&parent=105"}],"curies":[{"name":"wp","href":"https:\/\/api.w.org\/{rel}","templated":true}]}}